{"id":12,"date":"2024-12-21T12:02:09","date_gmt":"2024-12-21T12:02:09","guid":{"rendered":"https:\/\/smartelectro.witty-fox.com\/?page_id=12"},"modified":"2024-12-21T19:16:49","modified_gmt":"2024-12-21T19:16:49","slug":"terminos-y-condiciones","status":"publish","type":"page","link":"https:\/\/smartelectro.witty-fox.com\/en\/terminos-y-condiciones\/","title":{"rendered":"T\u00e9rminos y condiciones"},"content":{"rendered":"<div data-elementor-type=\"wp-page\" data-elementor-id=\"12\" class=\"elementor elementor-12\" data-elementor-post-type=\"page\">\n\t\t\t\t<div class=\"wd-negative-gap elementor-element elementor-element-2a9138e1 e-flex e-con-boxed e-con e-parent\" data-id=\"2a9138e1\" data-element_type=\"container\">\n\t\t\t\t\t<div class=\"e-con-inner\">\n\t\t\t\t<div class=\"elementor-element elementor-element-7dfc3838 color-scheme-inherit text-left elementor-widget elementor-widget-text-editor\" data-id=\"7dfc3838\" data-element_type=\"widget\" data-widget_type=\"text-editor.default\">\n\t\t\t\t<div class=\"elementor-widget-container\">\n\t\t\t\t\t\t\t\t\t\n<h2 class=\"wp-block-heading\">Descripci\u00f3n general<\/h2>\n\n<p>Nuestra pol\u00edtica de reembolsos y devoluciones tiene una duraci\u00f3n de 30 d\u00edas. Si han pasado 30 d\u00edas desde tu compra, no podemos ofrecerte un reembolso completo ni un cambio.<\/p>\n\n<p>Para poder devolver el art\u00edculo, no debe haberlo usado y debe estar en las mismas condiciones en las que lo recibiste. Tambi\u00e9n debe estar en el embalaje original.<\/p>\n\n<p>Hay varios tipos de productos que est\u00e1n exentos de devoluci\u00f3n. Los productos perecederos, como alimentos, flores, peri\u00f3dicos o revistas, no se pueden devolver. Tampoco aceptamos productos que sean art\u00edculos \u00edntimos o sanitarios, materiales peligrosos o l\u00edquidos o gases inflamables.<\/p>\n\n<p>Art\u00edculos adicionales que no se pueden devolver:<\/p>\n\n<ul class=\"wp-block-list\">\n<li>Tarjetas de regalo<\/li>\n<li>Productos de software descargables<\/li>\n<li>Algunos art\u00edculos de salud y cuidado personal<\/li>\n<\/ul>\n\n<p>Para completar su devoluci\u00f3n, necesitamos un recibo o comprobante de compra.<\/p>\n\n<p>No env\u00ede su compra de vuelta al fabricante.<\/p>\n\n<p>Existen ciertas situaciones en las que solo se otorgan reembolsos parciales:<\/p>\n\n<ul class=\"wp-block-list\">\n<li>Libro con signos evidentes de uso<\/li>\n<li>CD, DVD, cinta VHS, software, videojuego, cinta de casete o disco de vinilo que haya sido abierto.<\/li>\n<li>Cualquier art\u00edculo que no se encuentre en su estado original, est\u00e9 da\u00f1ado o le falten partes por razones que no se deban a nuestro error.<\/li>\n<li>Cualquier art\u00edculo que se devuelva m\u00e1s de 30 d\u00edas despu\u00e9s de la entrega<\/li>\n<\/ul>\n\n<h2 class=\"wp-block-heading\">Reembolsos<\/h2>\n\n<p>Una vez que se reciba su devoluci\u00f3n y inspeccionado, le enviaremos un correo electr\u00f3nico para notificarle que hemos recibido su art\u00edculo devuelto. Tambi\u00e9n le notificaremos la aprobaci\u00f3n o rechazo de su reembolso.<\/p>\n\n<p>Si se aprueba, se procesar\u00e1 su reembolso y se aplicar\u00e1 autom\u00e1ticamente un cr\u00e9dito a su tarjeta de cr\u00e9dito o m\u00e9todo de pago original, dentro de una cierta cantidad de d\u00edas.<\/p>\n\n<h3 class=\"wp-block-heading\">Reembolsos tard\u00edos o faltantes<\/h3>\n\n<p>Si a\u00fan no ha recibido un reembolso, primero verifique su cuenta bancaria nuevamente.<\/p>\n\n<p>Luego comun\u00edquese con la compa\u00f1\u00eda de su tarjeta de cr\u00e9dito; puede tomar alg\u00fan tiempo antes de que su reembolso sea oficial. publicado.<\/p>\n\n<p>Luego, comun\u00edquese con su banco. Suele haber un tiempo de procesamiento antes de que se publique un reembolso.<\/p>\n\n<p>Si ha hecho todo esto y a\u00fan no ha recibido su reembolso, comun\u00edquese con nosotros a {direcci\u00f3n de correo electr\u00f3nico}.<\/p>\n\n<h3 class=\"wp-block-heading\">Art\u00edculos en oferta<\/h3>\n\n<p>Solo se pueden reembolsar los art\u00edculos a precio regular. Los art\u00edculos en oferta no se pueden reembolsar.<\/p>\n\n<h2 class=\"wp-block-heading\">Cambios<\/h2>\n\n<p>Solo reemplazamos art\u00edculos que est\u00e9n defectuosos o da\u00f1ados. Si necesitas cambiarlo por el mismo art\u00edculo, env\u00edanos un correo electr\u00f3nico a {direcci\u00f3n de correo electr\u00f3nico} y env\u00eda tu art\u00edculo a: {direcci\u00f3n f\u00edsica}.<\/p>\n\n<h2 class=\"wp-block-heading\">Regalos<\/h2>\n\n<p>Si el art\u00edculo estaba marcado como regalo cuando lo compraste y te lo enviamos directamente, recibir\u00e1s un cr\u00e9dito de regalo por el valor de tu devoluci\u00f3n. Una vez que recibamos el art\u00edculo devuelto, se le enviar\u00e1 por correo un certificado de regalo.<\/p>\n\n<p>Si el art\u00edculo no estaba marcado como regalo cuando se compr\u00f3, o si el donante hizo que le enviaran el pedido a su propia direcci\u00f3n para entreg\u00e1rselo m\u00e1s tarde, le enviaremos un reembolso al donante y \u00e9l se enterar\u00e1 de su devoluci\u00f3n.<\/p>\n\n<h2 class=\"wp-block-heading\">Env\u00edo de devoluciones<\/h2>\n\n<p>Para devolver su producto, debe enviarlo por correo a: {direcci\u00f3n f\u00edsica}.<\/p>\n\n<p>Usted ser\u00e1 responsable de pagar sus propios costos de env\u00edo para devolver su art\u00edculo. Los gastos de env\u00edo no son reembolsables. Si recibes un reembolso, el coste del env\u00edo de devoluci\u00f3n se deducir\u00e1 de tu reembolso.<\/p>\n\n<p>Dependiendo de d\u00f3nde vivas, el tiempo que puede tardar en llegarte el producto cambiado puede variar.<\/p>\t\t\t\t\t\t\t\t<\/div>\n\t\t\t\t<\/div>\n\t\t\t\t\t<\/div>\n\t\t\t\t<\/div>\n\t\t\t\t<\/div>","protected":false},"excerpt":{"rendered":"<p>Descripci\u00f3n general Nuestra pol\u00edtica de reembolsos y devoluciones tiene una duraci\u00f3n de 30 d\u00edas. Si han pasado 30 d\u00edas desde<\/p>","protected":false},"author":1,"featured_media":0,"parent":0,"menu_order":0,"comment_status":"closed","ping_status":"closed","template":"","meta":{"footnotes":""},"class_list":["post-12","page","type-page","status-publish","hentry"],"_links":{"self":[{"href":"https:\/\/smartelectro.witty-fox.com\/en\/wp-json\/wp\/v2\/pages\/12","targetHints":{"allow":["GET"]}}],"collection":[{"href":"https:\/\/smartelectro.witty-fox.com\/en\/wp-json\/wp\/v2\/pages"}],"about":[{"href":"https:\/\/smartelectro.witty-fox.com\/en\/wp-json\/wp\/v2\/types\/page"}],"author":[{"embeddable":true,"href":"https:\/\/smartelectro.witty-fox.com\/en\/wp-json\/wp\/v2\/users\/1"}],"replies":[{"embeddable":true,"href":"https:\/\/smartelectro.witty-fox.com\/en\/wp-json\/wp\/v2\/comments?post=12"}],"version-history":[{"count":6,"href":"https:\/\/smartelectro.witty-fox.com\/en\/wp-json\/wp\/v2\/pages\/12\/revisions"}],"predecessor-version":[{"id":10817,"href":"https:\/\/smartelectro.witty-fox.com\/en\/wp-json\/wp\/v2\/pages\/12\/revisions\/10817"}],"wp:attachment":[{"href":"https:\/\/smartelectro.witty-fox.com\/en\/wp-json\/wp\/v2\/media?parent=12"}],"curies":[{"name":"wp","href":"https:\/\/api.w.org\/{rel}","templated":true}]}}