{"id":8712,"date":"2021-11-04T15:06:19","date_gmt":"2021-11-04T15:06:19","guid":{"rendered":"http:\/\/dummy.xtemos.com\/woodmart2\/elementor\/?page_id=8712"},"modified":"2025-02-25T17:30:31","modified_gmt":"2025-02-25T17:30:31","slug":"sobre-nosotras","status":"publish","type":"page","link":"https:\/\/smartelectro.witty-fox.com\/en\/sobre-nosotras\/","title":{"rendered":"Sobre nosotras"},"content":{"rendered":"<div data-elementor-type=\"wp-page\" data-elementor-id=\"8712\" class=\"elementor elementor-8712\" data-elementor-post-type=\"page\">\n\t\t\t\t<div class=\"wd-negative-gap elementor-element elementor-element-0bbcd67 wd-section-stretch e-flex e-con-boxed e-con e-parent\" data-id=\"0bbcd67\" data-element_type=\"container\" data-settings=\"{&quot;background_background&quot;:&quot;classic&quot;}\">\n\t\t\t\t\t<div class=\"e-con-inner\">\n\t\t\t\t<div class=\"elementor-element elementor-element-381babc wd-width-100 elementor-widget elementor-widget-wd_title\" data-id=\"381babc\" data-element_type=\"widget\" data-widget_type=\"wd_title.default\">\n\t\t\t\t<div class=\"elementor-widget-container\">\n\t\t\t\t\t\t\t<div class=\"title-wrapper wd-set-mb reset-last-child wd-title-color-white wd-title-style-default wd-title-size-large text-left\">\n\n\t\t\t\n\t\t\t<div class=\"liner-continer\">\n\t\t\t\t<h4 class=\"woodmart-title-container title wd-fontsize-xxl wd-underline-colored\">Bienvenido a Smartelectro <u> Sobre nosotras <\/u><\/h4> \n\t\t\t\t\t\t\t<\/div>\n\n\t\t\t\t\t\t\t<div class=\"title-after_title reset-last-child wd-fontsize-s\">\n\t\t\t\t\t<p>Su destino de confianza para los \u00faltimos productos electr\u00f3nicos y electrodom\u00e9sticos<br \/>Explore nuestra amplia gama de soluciones inteligentes para cada hogar y estilo de vida.<\/p>\t\t\t\t<\/div>\n\t\t\t\t\t<\/div>\n\t\t\t\t\t\t<\/div>\n\t\t\t\t<\/div>\n\t\t\t\t\t<\/div>\n\t\t\t\t<\/div>\n\t\t<div class=\"wd-negative-gap elementor-element elementor-element-ed82c19 e-flex e-con-boxed e-con e-parent\" data-id=\"ed82c19\" data-element_type=\"container\">\n\t\t\t\t\t<div class=\"e-con-inner\">\n\t\t<div class=\"elementor-element elementor-element-11b37d5 e-con-full e-flex e-con e-child\" data-id=\"11b37d5\" data-element_type=\"container\">\n\t\t\t\t<div class=\"elementor-element elementor-element-8311b2e elementor-widget elementor-widget-image\" data-id=\"8311b2e\" data-element_type=\"widget\" data-widget_type=\"image.default\">\n\t\t\t\t<div class=\"elementor-widget-container\">\n\t\t\t\t\t\t\t\t\t\t\t\t\t\t\t<img fetchpriority=\"high\" decoding=\"async\" width=\"1024\" height=\"682\" src=\"https:\/\/smartelectro.witty-fox.com\/wp-content\/uploads\/2025\/02\/young-attractive-girl-electronics-store-stands-desk-tests-phone_78826-3427-1024x682.jpg\" class=\"attachment-large size-large wp-image-13036\" alt=\"\" srcset=\"https:\/\/smartelectro.witty-fox.com\/wp-content\/uploads\/2025\/02\/young-attractive-girl-electronics-store-stands-desk-tests-phone_78826-3427-1024x682.jpg 1024w, https:\/\/smartelectro.witty-fox.com\/wp-content\/uploads\/2025\/02\/young-attractive-girl-electronics-store-stands-desk-tests-phone_78826-3427-300x200.jpg 300w, https:\/\/smartelectro.witty-fox.com\/wp-content\/uploads\/2025\/02\/young-attractive-girl-electronics-store-stands-desk-tests-phone_78826-3427-768x512.jpg 768w, https:\/\/smartelectro.witty-fox.com\/wp-content\/uploads\/2025\/02\/young-attractive-girl-electronics-store-stands-desk-tests-phone_78826-3427-18x12.jpg 18w, https:\/\/smartelectro.witty-fox.com\/wp-content\/uploads\/2025\/02\/young-attractive-girl-electronics-store-stands-desk-tests-phone_78826-3427-150x100.jpg 150w, https:\/\/smartelectro.witty-fox.com\/wp-content\/uploads\/2025\/02\/young-attractive-girl-electronics-store-stands-desk-tests-phone_78826-3427.jpg 1060w\" sizes=\"(max-width: 1024px) 100vw, 1024px\" \/>\t\t\t\t\t\t\t\t\t\t\t\t\t\t\t<\/div>\n\t\t\t\t<\/div>\n\t\t\t\t<\/div>\n\t\t<div class=\"elementor-element elementor-element-f7e903e e-con-full e-flex e-con e-child\" data-id=\"f7e903e\" data-element_type=\"container\">\n\t\t\t\t<div class=\"elementor-element elementor-element-029a35c wd-width-100 elementor-widget elementor-widget-wd_title\" data-id=\"029a35c\" data-element_type=\"widget\" data-widget_type=\"wd_title.default\">\n\t\t\t\t<div class=\"elementor-widget-container\">\n\t\t\t\t\t\t\t<div class=\"title-wrapper wd-set-mb reset-last-child wd-title-color-primary wd-title-style-default wd-title-size-large text-left\">\n\n\t\t\t\t\t\t\t\t\t\t\t<div class=\"title-subtitle subtitle-color-primary subtitle-style-default wd-fontsize-xs\">\n\t\t\t\t\tNuestra historia\t\t\t\t<\/div>\n\t\t\t\n\t\t\t<div class=\"liner-continer\">\n\t\t\t\t<h4 class=\"woodmart-title-container title wd-fontsize-xxl\">Bienvenido a Smartelectro<\/h4> \n\t\t\t\t\t\t\t<\/div>\n\n\t\t\t\t\t<\/div>\n\t\t\t\t\t\t<\/div>\n\t\t\t\t<\/div>\n\t\t\t\t<div class=\"elementor-element elementor-element-cb1d967 elementor-widget elementor-widget-wd_text_block\" data-id=\"cb1d967\" data-element_type=\"widget\" data-widget_type=\"wd_text_block.default\">\n\t\t\t\t<div class=\"elementor-widget-container\">\n\t\t\t\t\t\t\t<div class=\"wd-text-block reset-last-child text-left\">\n\t\t\t\n\t\t\t<p>Bienvenido a Smartelectro, su tienda en l\u00ednea de referencia para los \u00faltimos productos electr\u00f3nicos y electrodom\u00e9sticos. Nuestro viaje comenz\u00f3 con la misi\u00f3n de hacer que los productos innovadores y de alta calidad sean accesibles para todos, ofreciendo una experiencia de compra perfecta que le ahorre tiempo y esfuerzo. Desde dispositivos inteligentes para el hogar y productos electr\u00f3nicos de vanguardia hasta electrodom\u00e9sticos de cocina y lavander\u00eda de bajo consumo, le ofrecemos una amplia gama de productos que mejoran su hogar y su estilo de vida. En Smartelectro, creemos que la tecnolog\u00eda debe simplificar su vida, no complicarla, y eso es exactamente lo que pretendemos ofrecer con cada producto que ofrecemos.<\/p>\n\t\t\t\t\t<\/div>\n\t\t\t\t\t\t<\/div>\n\t\t\t\t<\/div>\n\t\t\t\t<\/div>\n\t\t\t\t\t<\/div>\n\t\t\t\t<\/div>\n\t\t<div class=\"wd-negative-gap elementor-element elementor-element-2728c26 e-flex e-con-boxed e-con e-parent\" data-id=\"2728c26\" data-element_type=\"container\">\n\t\t\t\t\t<div class=\"e-con-inner\">\n\t\t\t\t<div class=\"elementor-element elementor-element-13d83f3 wd-width-100 elementor-widget elementor-widget-wd_title\" data-id=\"13d83f3\" data-element_type=\"widget\" data-widget_type=\"wd_title.default\">\n\t\t\t\t<div class=\"elementor-widget-container\">\n\t\t\t\t\t\t\t<div class=\"title-wrapper wd-set-mb reset-last-child wd-title-color-primary wd-title-style-bordered wd-title-size-large text-center\">\n\n\t\t\t\n\t\t\t<div class=\"liner-continer\">\n\t\t\t\t<h4 class=\"woodmart-title-container title wd-fontsize-xxl\">\u00bfPor qu\u00e9 elegir Smartelectro?<\/h4> \n\t\t\t\t\t\t\t<\/div>\n\n\t\t\t\t\t<\/div>\n\t\t\t\t\t\t<\/div>\n\t\t\t\t<\/div>\n\t\t<div class=\"elementor-element elementor-element-8bbf7b0 e-grid e-con-full e-con e-child\" data-id=\"8bbf7b0\" data-element_type=\"container\">\n\t\t<div class=\"elementor-element elementor-element-f74487d e-con-full e-flex e-con e-child\" data-id=\"f74487d\" data-element_type=\"container\" data-settings=\"{&quot;background_background&quot;:&quot;classic&quot;}\">\n\t\t\t\t<div class=\"elementor-element elementor-element-262a2b9 wd-width-100 elementor-widget elementor-widget-wd_title\" data-id=\"262a2b9\" data-element_type=\"widget\" data-widget_type=\"wd_title.default\">\n\t\t\t\t<div class=\"elementor-widget-container\">\n\t\t\t\t\t\t\t<div class=\"title-wrapper wd-set-mb reset-last-child wd-title-color-primary wd-title-style-default wd-title-size-large text-left\">\n\n\t\t\t\n\t\t\t<div class=\"liner-continer\">\n\t\t\t\t<h4 class=\"woodmart-title-container title wd-fontsize-xxl\">Nuestra visi\u00f3n<\/h4> \n\t\t\t\t\t\t\t<\/div>\n\n\t\t\t\t\t\t\t<div class=\"title-after_title reset-last-child wd-fontsize-s\">\n\t\t\t\t\t<p>Nuestro objetivo es que los productos electr\u00f3nicos y electrodom\u00e9sticos de \u00faltima generaci\u00f3n sean accesibles para todos los hogares. Al seleccionar productos innovadores y de la m\u00e1s alta calidad, nos esforzamos por mejorar su estilo de vida con soluciones inteligentes, confiables y de bajo consumo energ\u00e9tico.<\/p>\t\t\t\t<\/div>\n\t\t\t\t\t<\/div>\n\t\t\t\t\t\t<\/div>\n\t\t\t\t<\/div>\n\t\t\t\t<\/div>\n\t\t<div class=\"elementor-element elementor-element-df2df03 e-con-full e-flex e-con e-child\" data-id=\"df2df03\" data-element_type=\"container\" data-settings=\"{&quot;background_background&quot;:&quot;classic&quot;}\">\n\t\t\t\t<div class=\"elementor-element elementor-element-753f654 wd-width-100 elementor-widget elementor-widget-wd_title\" data-id=\"753f654\" data-element_type=\"widget\" data-widget_type=\"wd_title.default\">\n\t\t\t\t<div class=\"elementor-widget-container\">\n\t\t\t\t\t\t\t<div class=\"title-wrapper wd-set-mb reset-last-child wd-title-color-primary wd-title-style-default wd-title-size-large text-left\">\n\n\t\t\t\n\t\t\t<div class=\"liner-continer\">\n\t\t\t\t<h4 class=\"woodmart-title-container title wd-fontsize-xxl\">Calidad y confiabilidad<\/h4> \n\t\t\t\t\t\t\t<\/div>\n\n\t\t\t\t\t\t\t<div class=\"title-after_title reset-last-child wd-fontsize-s\">\n\t\t\t\t\t<p>En Smartelectro, solo ofrecemos productos de marcas confiables, lo que garantiza que cada art\u00edculo est\u00e9 fabricado para durar y cumpla con los est\u00e1ndares m\u00e1s altos. Nuestro compromiso con la calidad garantiza que obtenga el mejor rendimiento y durabilidad con cada compra.<\/p>\t\t\t\t<\/div>\n\t\t\t\t\t<\/div>\n\t\t\t\t\t\t<\/div>\n\t\t\t\t<\/div>\n\t\t\t\t<\/div>\n\t\t<div class=\"elementor-element elementor-element-7b3db03 e-con-full e-flex e-con e-child\" data-id=\"7b3db03\" data-element_type=\"container\" data-settings=\"{&quot;background_background&quot;:&quot;classic&quot;}\">\n\t\t\t\t<div class=\"elementor-element elementor-element-54e9c06 wd-width-100 elementor-widget elementor-widget-wd_title\" data-id=\"54e9c06\" data-element_type=\"widget\" data-widget_type=\"wd_title.default\">\n\t\t\t\t<div class=\"elementor-widget-container\">\n\t\t\t\t\t\t\t<div class=\"title-wrapper wd-set-mb reset-last-child wd-title-color-primary wd-title-style-default wd-title-size-large text-left\">\n\n\t\t\t\n\t\t\t<div class=\"liner-continer\">\n\t\t\t\t<h4 class=\"woodmart-title-container title wd-fontsize-xxl\">Enfoque centrado en el cliente<\/h4> \n\t\t\t\t\t\t\t<\/div>\n\n\t\t\t\t\t\t\t<div class=\"title-after_title reset-last-child wd-fontsize-s\">\n\t\t\t\t\t<p>Su satisfacci\u00f3n es nuestra m\u00e1xima prioridad. Desde asesoramiento experto hasta env\u00edos r\u00e1pidos y confiables y devoluciones sencillas, nos dedicamos a brindar una experiencia de compra excepcional. Nuestro equipo de soporte siempre est\u00e1 listo para ayudarlo y garantizar que se sienta valorado en cada paso del proceso.<\/p>\t\t\t\t<\/div>\n\t\t\t\t\t<\/div>\n\t\t\t\t\t\t<\/div>\n\t\t\t\t<\/div>\n\t\t\t\t<\/div>\n\t\t\t\t<\/div>\n\t\t\t\t\t<\/div>\n\t\t\t\t<\/div>\n\t\t<div class=\"wd-negative-gap elementor-element elementor-element-45d8d2d e-flex e-con-boxed e-con e-parent\" data-id=\"45d8d2d\" data-element_type=\"container\">\n\t\t\t\t\t<div class=\"e-con-inner\">\n\t\t<div class=\"elementor-element elementor-element-b1f2875 e-con-full e-flex e-con e-child\" data-id=\"b1f2875\" data-element_type=\"container\">\n\t\t\t\t<div class=\"elementor-element elementor-element-c34ddf2 elementor-widget elementor-widget-image\" data-id=\"c34ddf2\" data-element_type=\"widget\" data-widget_type=\"image.default\">\n\t\t\t\t<div class=\"elementor-widget-container\">\n\t\t\t\t\t\t\t\t\t\t\t\t\t\t\t<img decoding=\"async\" width=\"705\" height=\"705\" src=\"https:\/\/smartelectro.witty-fox.com\/wp-content\/uploads\/2024\/12\/seller-man-mobile-phone-professional-consultant-tech-store-shop-hold-new-smartphone-hand_627829-4967.jpg\" class=\"attachment-full size-full wp-image-10731\" alt=\"\" srcset=\"https:\/\/smartelectro.witty-fox.com\/wp-content\/uploads\/2024\/12\/seller-man-mobile-phone-professional-consultant-tech-store-shop-hold-new-smartphone-hand_627829-4967.jpg 705w, https:\/\/smartelectro.witty-fox.com\/wp-content\/uploads\/2024\/12\/seller-man-mobile-phone-professional-consultant-tech-store-shop-hold-new-smartphone-hand_627829-4967-300x300.jpg 300w, https:\/\/smartelectro.witty-fox.com\/wp-content\/uploads\/2024\/12\/seller-man-mobile-phone-professional-consultant-tech-store-shop-hold-new-smartphone-hand_627829-4967-150x150.jpg 150w, https:\/\/smartelectro.witty-fox.com\/wp-content\/uploads\/2024\/12\/seller-man-mobile-phone-professional-consultant-tech-store-shop-hold-new-smartphone-hand_627829-4967-12x12.jpg 12w, https:\/\/smartelectro.witty-fox.com\/wp-content\/uploads\/2024\/12\/seller-man-mobile-phone-professional-consultant-tech-store-shop-hold-new-smartphone-hand_627829-4967-600x600.jpg 600w\" sizes=\"(max-width: 705px) 100vw, 705px\" \/>\t\t\t\t\t\t\t\t\t\t\t\t\t\t\t<\/div>\n\t\t\t\t<\/div>\n\t\t\t\t<\/div>\n\t\t<div class=\"elementor-element elementor-element-f2e067f e-con-full e-flex e-con e-child\" data-id=\"f2e067f\" data-element_type=\"container\">\n\t\t\t\t<div class=\"elementor-element elementor-element-148212b wd-width-100 elementor-widget elementor-widget-wd_title\" data-id=\"148212b\" data-element_type=\"widget\" data-widget_type=\"wd_title.default\">\n\t\t\t\t<div class=\"elementor-widget-container\">\n\t\t\t\t\t\t\t<div class=\"title-wrapper wd-set-mb reset-last-child wd-title-color-primary wd-title-style-default wd-title-size-large text-left\">\n\n\t\t\t\n\t\t\t<div class=\"liner-continer\">\n\t\t\t\t<h4 class=\"woodmart-title-container title wd-fontsize-xxl\">Nuestro compromiso<\/h4> \n\t\t\t\t\t\t\t<\/div>\n\n\t\t\t\t\t<\/div>\n\t\t\t\t\t\t<\/div>\n\t\t\t\t<\/div>\n\t\t\t\t<div class=\"elementor-element elementor-element-124b6fe elementor-widget elementor-widget-wd_text_block\" data-id=\"124b6fe\" data-element_type=\"widget\" data-widget_type=\"wd_text_block.default\">\n\t\t\t\t<div class=\"elementor-widget-container\">\n\t\t\t\t\t\t\t<div class=\"wd-text-block reset-last-child text-left\">\n\t\t\t\n\t\t\t<p>En Smartelectro, nuestro compromiso va m\u00e1s all\u00e1 de ofrecer productos: nos dedicamos a brindar un servicio excepcional y a crear relaciones a largo plazo con nuestros clientes. Seleccionamos cuidadosamente cada art\u00edculo de nuestra tienda para asegurarnos de que cumpla con los m\u00e1s altos est\u00e1ndares de calidad, rendimiento y confiabilidad. Ya sea que est\u00e9 buscando el \u00faltimo tel\u00e9fono inteligente, un televisor de alto rendimiento o un refrigerador de bajo consumo, ofrecemos descripciones detalladas de los productos, rese\u00f1as y un servicio de atenci\u00f3n al cliente \u00fatil para guiarlo a tomar la mejor decisi\u00f3n. Con env\u00edos r\u00e1pidos, devoluciones sencillas y un enfoque centrado en el cliente, nuestro objetivo es brindar una experiencia de compra perfecta que supere sus expectativas. Gracias por elegir Smartelectro; estamos emocionados de ayudarlo a hacer que su hogar sea m\u00e1s inteligente y eficiente.<\/p>\n\t\t\t\t\t<\/div>\n\t\t\t\t\t\t<\/div>\n\t\t\t\t<\/div>\n\t\t\t\t<\/div>\n\t\t\t\t\t<\/div>\n\t\t\t\t<\/div>\n\t\t\t\t<\/div>","protected":false},"excerpt":{"rendered":"<p>Bienvenido a Smartelectro Sobre nosotras Su destino de confianza para los \u00faltimos productos electr\u00f3nicos y electrodom\u00e9sticosExplore nuestra amplia gama de<\/p>","protected":false},"author":1,"featured_media":0,"parent":0,"menu_order":0,"comment_status":"closed","ping_status":"closed","template":"","meta":{"footnotes":""},"class_list":["post-8712","page","type-page","status-publish","hentry"],"_links":{"self":[{"href":"https:\/\/smartelectro.witty-fox.com\/en\/wp-json\/wp\/v2\/pages\/8712","targetHints":{"allow":["GET"]}}],"collection":[{"href":"https:\/\/smartelectro.witty-fox.com\/en\/wp-json\/wp\/v2\/pages"}],"about":[{"href":"https:\/\/smartelectro.witty-fox.com\/en\/wp-json\/wp\/v2\/types\/page"}],"author":[{"embeddable":true,"href":"https:\/\/smartelectro.witty-fox.com\/en\/wp-json\/wp\/v2\/users\/1"}],"replies":[{"embeddable":true,"href":"https:\/\/smartelectro.witty-fox.com\/en\/wp-json\/wp\/v2\/comments?post=8712"}],"version-history":[{"count":47,"href":"https:\/\/smartelectro.witty-fox.com\/en\/wp-json\/wp\/v2\/pages\/8712\/revisions"}],"predecessor-version":[{"id":13042,"href":"https:\/\/smartelectro.witty-fox.com\/en\/wp-json\/wp\/v2\/pages\/8712\/revisions\/13042"}],"wp:attachment":[{"href":"https:\/\/smartelectro.witty-fox.com\/en\/wp-json\/wp\/v2\/media?parent=8712"}],"curies":[{"name":"wp","href":"https:\/\/api.w.org\/{rel}","templated":true}]}}