{"id":11686,"date":"2024-12-24T11:06:06","date_gmt":"2024-12-24T11:06:06","guid":{"rendered":"https:\/\/smartelectro.witty-fox.com\/product\/carcasa-para-lenovo-ideapad-510-15ikb-510-15isk-510-15abr-310-15ikb-310-15isk-310-15abr-cubierta-base-inferior\/"},"modified":"2025-02-25T19:51:32","modified_gmt":"2025-02-25T19:51:32","slug":"carcasa-para-lenovo-ideapad-510-15ikb-510-15isk-510-15abr-310-15ikb-310-15isk-310-15abr-cubierta-base-inferior","status":"publish","type":"product","link":"https:\/\/smartelectro.witty-fox.com\/en\/product\/carcasa-para-lenovo-ideapad-510-15ikb-510-15isk-510-15abr-310-15ikb-310-15isk-310-15abr-cubierta-base-inferior\/","title":{"rendered":"Carcasa para Lenovo Ideapad 510-15IKB 510-15ISK 510-15ABR 310-15IKB 310-15ISK 310-15ABR, cubierta Base inferior"},"content":{"rendered":"<h1>SPECIFICATIONS<\/h1>\n<p><\/br><\/p>\n<p><span>Nombre de la marca<\/span>: <span style=\"color:#333\">NoEnName_Null<\/span><\/p>\n<p><span>Tipo de art\u00edculo<\/span>: <span style=\"color:#333\">Funda de ordenador port\u00e1til<\/span><\/p>\n<p><span>Origen<\/span>: <span style=\"color:#333\">CN(Origen)<\/span><\/p>\n<p><span>Producto qu\u00edmico muy preocupado<\/span>: <span style=\"color:#333\">Ninguno<\/span><\/p>\n<p><span>N\u00famero de pieza<\/span>: <span style=\"color:#333\">8-5-30<\/span><\/p>\n<p><span>N\u00famero de modelo<\/span>: <span style=\"color:#333\">510-15<\/span><\/p>\n<p><span>Choice<\/span>: <span style=\"color:#333\">yes<\/span><\/p>\n<p><span>semi_Choice<\/span>: <span style=\"color:#333\">yes<\/span><\/p>\n<p><\/br><\/p>","protected":false},"excerpt":{"rendered":"<p>SPECIFICATIONS Nombre de la marca: NoEnName_Null Tipo de art\u00edculo: Funda de ordenador port\u00e1til Origen: CN(Origen) Producto qu\u00edmico muy preocupado: Ninguno<\/p>","protected":false},"featured_media":11643,"comment_status":"open","ping_status":"closed","template":"","meta":[],"product_brand":[],"product_cat":[109],"product_tag":[],"class_list":{"0":"post-11686","1":"product","2":"type-product","3":"status-publish","4":"has-post-thumbnail","6":"product_cat-accesorios-para-telefonos-inteligentes","8":"first","9":"instock","10":"sale","11":"shipping-taxable","12":"purchasable","13":"product-type-variable"},"_links":{"self":[{"href":"https:\/\/smartelectro.witty-fox.com\/en\/wp-json\/wp\/v2\/product\/11686","targetHints":{"allow":["GET"]}}],"collection":[{"href":"https:\/\/smartelectro.witty-fox.com\/en\/wp-json\/wp\/v2\/product"}],"about":[{"href":"https:\/\/smartelectro.witty-fox.com\/en\/wp-json\/wp\/v2\/types\/product"}],"replies":[{"embeddable":true,"href":"https:\/\/smartelectro.witty-fox.com\/en\/wp-json\/wp\/v2\/comments?post=11686"}],"version-history":[{"count":1,"href":"https:\/\/smartelectro.witty-fox.com\/en\/wp-json\/wp\/v2\/product\/11686\/revisions"}],"predecessor-version":[{"id":13065,"href":"https:\/\/smartelectro.witty-fox.com\/en\/wp-json\/wp\/v2\/product\/11686\/revisions\/13065"}],"wp:featuredmedia":[{"embeddable":true,"href":"https:\/\/smartelectro.witty-fox.com\/en\/wp-json\/wp\/v2\/media\/11643"}],"wp:attachment":[{"href":"https:\/\/smartelectro.witty-fox.com\/en\/wp-json\/wp\/v2\/media?parent=11686"}],"wp:term":[{"taxonomy":"product_brand","embeddable":true,"href":"https:\/\/smartelectro.witty-fox.com\/en\/wp-json\/wp\/v2\/product_brand?post=11686"},{"taxonomy":"product_cat","embeddable":true,"href":"https:\/\/smartelectro.witty-fox.com\/en\/wp-json\/wp\/v2\/product_cat?post=11686"},{"taxonomy":"product_tag","embeddable":true,"href":"https:\/\/smartelectro.witty-fox.com\/en\/wp-json\/wp\/v2\/product_tag?post=11686"}],"curies":[{"name":"wp","href":"https:\/\/api.w.org\/{rel}","templated":true}]}}