{"id":11936,"date":"2024-12-24T11:07:50","date_gmt":"2024-12-24T11:07:50","guid":{"rendered":"https:\/\/smartelectro.witty-fox.com\/product\/kingsener-bateria-de-3400mah-modelo-hs04-para-ordenador-portatil-parte-de-pc-para-hp-240-245-250-255-g4-hstnn-lb6u-hstnn-lb6v-807611-831-807957-001\/"},"modified":"2025-02-25T19:51:29","modified_gmt":"2025-02-25T19:51:29","slug":"kingsener-bateria-de-3400mah-modelo-hs04-para-ordenador-portatil-parte-de-pc-para-hp-240-245-250-255-g4-hstnn-lb6u-hstnn-lb6v-807611-831-807957-001","status":"publish","type":"product","link":"https:\/\/smartelectro.witty-fox.com\/en\/product\/kingsener-bateria-de-3400mah-modelo-hs04-para-ordenador-portatil-parte-de-pc-para-hp-240-245-250-255-g4-hstnn-lb6u-hstnn-lb6v-807611-831-807957-001\/","title":{"rendered":"KingSener-Bater\u00eda de 3400mAh modelo HS04 para ordenador port\u00e1til, parte de PC para HP 240 245 250 255 G4 HSTNN-LB6U HSTNN-LB6V 807611-831 807957-001"},"content":{"rendered":"<h1>SPECIFICATIONS<\/h1>\n<p>&nbsp;<\/p>\n<p>Nombre de la marca: <span style=\"color: #333;\">KingSener<\/span><\/p>\n<p>N\u00famero de pieza: <span style=\"color: #333;\">HS04<\/span><\/p>\n<p>Origen: <span style=\"color: #333;\">CN(Origen)<\/span><\/p>\n<p>Celdas de bater\u00eda: <span style=\"color: #333;\">4 c\u00e9lulas<\/span><\/p>\n<p>Certificaci\u00f3n: <span style=\"color: #333;\">CE<\/span><\/p>\n<p>Certificaci\u00f3n: <span style=\"color: #333;\">FCC<\/span><\/p>\n<p>Voltaje de la bater\u00eda: <span style=\"color: #333;\">14.8V<\/span><\/p>\n<p>N\u00famero de modelo: <span style=\"color: #333;\">HS04<\/span><\/p>\n<p>Paquete: <span style=\"color: #333;\">S\u00ed<\/span><\/p>\n<p>Tipo: <span style=\"color: #333;\">Bater\u00eda de ion de litio<\/span><\/p>\n<p>Marca compatible: <span style=\"color: #333;\">HP<\/span><\/p>\n<p>Condition: <span style=\"color: #333;\">Brand New<\/span><\/p>\n<p>Cell: <span style=\"color: #333;\">Made in Korea\/Japan ,hignh quality<\/span><\/p>\n<p>Battery Capacity: <span style=\"color: #333;\">2800mAh\/3400mAh<\/span><\/p>\n<p>Color: <span style=\"color: #333;\">Black<\/span><\/p>\n<p>Warranty: <span style=\"color: #333;\">2 Year<\/span><\/p>\n<p>Place of Origin: <span style=\"color: #333;\">Korea\/Japan<\/span><\/p>\n<p>Products Status: <span style=\"color: #333;\">Stock<\/span><\/p>\n<p>&nbsp;<\/p>","protected":false},"excerpt":{"rendered":"<p>SPECIFICATIONS &nbsp; Nombre de la marca: KingSener N\u00famero de pieza: HS04 Origen: CN(Origen) Celdas de bater\u00eda: 4 c\u00e9lulas Certificaci\u00f3n: CE<\/p>","protected":false},"featured_media":11763,"comment_status":"open","ping_status":"closed","template":"","meta":[],"product_brand":[],"product_cat":[109],"product_tag":[],"class_list":{"0":"post-11936","1":"product","2":"type-product","3":"status-publish","4":"has-post-thumbnail","6":"product_cat-accesorios-para-telefonos-inteligentes","8":"first","9":"instock","10":"sale","11":"shipping-taxable","12":"purchasable","13":"product-type-variable"},"_links":{"self":[{"href":"https:\/\/smartelectro.witty-fox.com\/en\/wp-json\/wp\/v2\/product\/11936","targetHints":{"allow":["GET"]}}],"collection":[{"href":"https:\/\/smartelectro.witty-fox.com\/en\/wp-json\/wp\/v2\/product"}],"about":[{"href":"https:\/\/smartelectro.witty-fox.com\/en\/wp-json\/wp\/v2\/types\/product"}],"replies":[{"embeddable":true,"href":"https:\/\/smartelectro.witty-fox.com\/en\/wp-json\/wp\/v2\/comments?post=11936"}],"version-history":[{"count":2,"href":"https:\/\/smartelectro.witty-fox.com\/en\/wp-json\/wp\/v2\/product\/11936\/revisions"}],"predecessor-version":[{"id":12966,"href":"https:\/\/smartelectro.witty-fox.com\/en\/wp-json\/wp\/v2\/product\/11936\/revisions\/12966"}],"wp:featuredmedia":[{"embeddable":true,"href":"https:\/\/smartelectro.witty-fox.com\/en\/wp-json\/wp\/v2\/media\/11763"}],"wp:attachment":[{"href":"https:\/\/smartelectro.witty-fox.com\/en\/wp-json\/wp\/v2\/media?parent=11936"}],"wp:term":[{"taxonomy":"product_brand","embeddable":true,"href":"https:\/\/smartelectro.witty-fox.com\/en\/wp-json\/wp\/v2\/product_brand?post=11936"},{"taxonomy":"product_cat","embeddable":true,"href":"https:\/\/smartelectro.witty-fox.com\/en\/wp-json\/wp\/v2\/product_cat?post=11936"},{"taxonomy":"product_tag","embeddable":true,"href":"https:\/\/smartelectro.witty-fox.com\/en\/wp-json\/wp\/v2\/product_tag?post=11936"}],"curies":[{"name":"wp","href":"https:\/\/api.w.org\/{rel}","templated":true}]}}