{"id":11977,"date":"2024-12-24T11:08:06","date_gmt":"2024-12-24T11:08:06","guid":{"rendered":"https:\/\/smartelectro.witty-fox.com\/product\/kingsener-bateria-de-bty-m6h-para-motocicleta-accesorio-para-msi-ge62-ge72-gp62-gp72-gl62-gl72-gp62vr-gp72vr-pe60-pe70-ms-16j2-ms-16j3-ms-16j9-ms-1792-ms-1795\/"},"modified":"2025-02-25T19:51:28","modified_gmt":"2025-02-25T19:51:28","slug":"kingsener-bateria-de-bty-m6h-para-motocicleta-accesorio-para-msi-ge62-ge72-gp62-gp72-gl62-gl72-gp62vr-gp72vr-pe60-pe70-ms-16j2-ms-16j3-ms-16j9-ms-1792-ms-1795","status":"publish","type":"product","link":"https:\/\/smartelectro.witty-fox.com\/en\/product\/kingsener-bateria-de-bty-m6h-para-motocicleta-accesorio-para-msi-ge62-ge72-gp62-gp72-gl62-gl72-gp62vr-gp72vr-pe60-pe70-ms-16j2-ms-16j3-ms-16j9-ms-1792-ms-1795\/","title":{"rendered":"KingSener-Bater\u00eda de BTY-M6H para motocicleta, accesorio para MSI GE62, GE72, GP62, GP72, GL62, GL72, GP62VR, GP72VR, PE60, PE70, MS-16J2, MS-16J3, MS-16J9, MS-1792, MS-1795"},"content":{"rendered":"<h1>SPECIFICATIONS<\/h1>\n<p><\/br><\/p>\n<p><span>Nombre de la marca<\/span>: <span style=\"color:#333\">KingSener<\/span><\/p>\n<p><span>N\u00famero de pieza<\/span>: <span style=\"color:#333\">BTY-M6H<\/span><\/p>\n<p><span>Origen<\/span>: <span style=\"color:#333\">CN(Origen)<\/span><\/p>\n<p><span>Producto qu\u00edmico muy preocupado<\/span>: <span style=\"color:#333\">Ninguno<\/span><\/p>\n<p><span>Celdas de bater\u00eda<\/span>: <span style=\"color:#333\">6 c\u00e9lulas<\/span><\/p>\n<p><span>Certificaci\u00f3n<\/span>: <span style=\"color:#333\">CE<\/span><\/p>\n<p><span>Certificaci\u00f3n<\/span>: <span style=\"color:#333\">FCC<\/span><\/p>\n<p><span>Voltaje de la bater\u00eda<\/span>: <span style=\"color:#333\">10.86V<\/span><\/p>\n<p><span>N\u00famero de modelo<\/span>: <span style=\"color:#333\">BTY-M6H<\/span><\/p>\n<p><span>Paquete<\/span>: <span style=\"color:#333\">S\u00ed<\/span><\/p>\n<p><span>Tipo<\/span>: <span style=\"color:#333\">Bater\u00eda de ion de litio<\/span><\/p>\n<p><span>Marca compatible<\/span>: <span style=\"color:#333\">Sony<\/span><\/p>\n<p><span>Condition<\/span>: <span style=\"color:#333\">Brand New<\/span><\/p>\n<p><span>Cell<\/span>: <span style=\"color:#333\">6 Cells, make in Korea, high quality<\/span><\/p>\n<p><span>Battery Capacity<\/span>: <span style=\"color:#333\">4730mAh\/51WH<\/span><\/p>\n<p><span>Color<\/span>: <span style=\"color:#333\">Black<\/span><\/p>\n<p><span>Warranty<\/span>: <span style=\"color:#333\">2 Year<\/span><\/p>\n<p><span>Products Status<\/span>: <span style=\"color:#333\">Stock<\/span><\/p>\n<p><span>Fast Delivery<\/span>: <span style=\"color:#333\">Yes<\/span><\/p>\n<p><span>Support Wholesale<\/span>: <span style=\"color:#333\">Yes<\/span><\/p>\n<p><span>Others<\/span>: <span style=\"color:#333\">Tested well before shipment<\/span><\/p>\n<p><span>Superior Quality<\/span>: <span style=\"color:#333\">Yes<\/span><\/p>\n<p><\/br><\/p>","protected":false},"excerpt":{"rendered":"<p>SPECIFICATIONS Nombre de la marca: KingSener N\u00famero de pieza: BTY-M6H Origen: CN(Origen) Producto qu\u00edmico muy preocupado: Ninguno Celdas de bater\u00eda:<\/p>","protected":false},"featured_media":11867,"comment_status":"open","ping_status":"closed","template":"","meta":[],"product_brand":[],"product_cat":[109],"product_tag":[],"class_list":{"0":"post-11977","1":"product","2":"type-product","3":"status-publish","4":"has-post-thumbnail","6":"product_cat-accesorios-para-telefonos-inteligentes","8":"first","9":"instock","10":"sale","11":"shipping-taxable","12":"purchasable","13":"product-type-simple"},"_links":{"self":[{"href":"https:\/\/smartelectro.witty-fox.com\/en\/wp-json\/wp\/v2\/product\/11977","targetHints":{"allow":["GET"]}}],"collection":[{"href":"https:\/\/smartelectro.witty-fox.com\/en\/wp-json\/wp\/v2\/product"}],"about":[{"href":"https:\/\/smartelectro.witty-fox.com\/en\/wp-json\/wp\/v2\/types\/product"}],"replies":[{"embeddable":true,"href":"https:\/\/smartelectro.witty-fox.com\/en\/wp-json\/wp\/v2\/comments?post=11977"}],"version-history":[{"count":1,"href":"https:\/\/smartelectro.witty-fox.com\/en\/wp-json\/wp\/v2\/product\/11977\/revisions"}],"predecessor-version":[{"id":13062,"href":"https:\/\/smartelectro.witty-fox.com\/en\/wp-json\/wp\/v2\/product\/11977\/revisions\/13062"}],"wp:featuredmedia":[{"embeddable":true,"href":"https:\/\/smartelectro.witty-fox.com\/en\/wp-json\/wp\/v2\/media\/11867"}],"wp:attachment":[{"href":"https:\/\/smartelectro.witty-fox.com\/en\/wp-json\/wp\/v2\/media?parent=11977"}],"wp:term":[{"taxonomy":"product_brand","embeddable":true,"href":"https:\/\/smartelectro.witty-fox.com\/en\/wp-json\/wp\/v2\/product_brand?post=11977"},{"taxonomy":"product_cat","embeddable":true,"href":"https:\/\/smartelectro.witty-fox.com\/en\/wp-json\/wp\/v2\/product_cat?post=11977"},{"taxonomy":"product_tag","embeddable":true,"href":"https:\/\/smartelectro.witty-fox.com\/en\/wp-json\/wp\/v2\/product_tag?post=11977"}],"curies":[{"name":"wp","href":"https:\/\/api.w.org\/{rel}","templated":true}]}}