{"id":12002,"date":"2024-12-24T11:08:15","date_gmt":"2024-12-24T11:08:15","guid":{"rendered":"https:\/\/smartelectro.witty-fox.com\/product\/bateria-a1820-para-apple-macbook-pro-barra-tactil-de-15-pulgadas-a1707-2016-ano-2017-mlh32ch-a-mlw82ch-a\/"},"modified":"2025-02-25T19:51:28","modified_gmt":"2025-02-25T19:51:28","slug":"bateria-a1820-para-apple-macbook-pro-barra-tactil-de-15-pulgadas-a1707-2016-ano-2017-mlh32ch-a-mlw82ch-a","status":"publish","type":"product","link":"https:\/\/smartelectro.witty-fox.com\/en\/product\/bateria-a1820-para-apple-macbook-pro-barra-tactil-de-15-pulgadas-a1707-2016-ano-2017-mlh32ch-a-mlw82ch-a\/","title":{"rendered":"Bater\u00eda A1820 para Apple Macbook Pro, barra t\u00e1ctil de 15 pulgadas, A1707, 2016, a\u00f1o 2017, MLH32CH\/A MLW82CH\/A"},"content":{"rendered":"<h1>SPECIFICATIONS<\/h1>\n<p><\/br><\/p>\n<p><span>Nombre de la marca<\/span>: <span style=\"color:#333\">GIAUSA<\/span><\/p>\n<p><span>N\u00famero de pieza<\/span>: <span style=\"color:#333\">A1820<\/span><\/p>\n<p><span>Origen<\/span>: <span style=\"color:#333\">CN(Origen)<\/span><\/p>\n<p><span>Producto qu\u00edmico muy preocupado<\/span>: <span style=\"color:#333\">Ninguno<\/span><\/p>\n<p><span>Certificaci\u00f3n<\/span>: <span style=\"color:#333\">CE<\/span><\/p>\n<p><span>Voltaje de la bater\u00eda<\/span>: <span style=\"color:#333\">11.4V<\/span><\/p>\n<p><span>N\u00famero de modelo<\/span>: <span style=\"color:#333\">A1820<\/span><\/p>\n<p><span>Paquete<\/span>: <span style=\"color:#333\">S\u00ed<\/span><\/p>\n<p><span>Tipo<\/span>: <span style=\"color:#333\">Pol\u00edmero de litio<\/span><\/p>\n<p><span>Marca compatible<\/span>: <span style=\"color:#333\">Apple<\/span><\/p>\n<p><span>Choice<\/span>: <span style=\"color:#333\">yes<\/span><\/p>\n<p><span>semi_Choice<\/span>: <span style=\"color:#333\">yes<\/span><\/p>\n<p><\/br><\/p>","protected":false},"excerpt":{"rendered":"<p>SPECIFICATIONS Nombre de la marca: GIAUSA N\u00famero de pieza: A1820 Origen: CN(Origen) Producto qu\u00edmico muy preocupado: Ninguno Certificaci\u00f3n: CE Voltaje<\/p>","protected":false},"featured_media":11962,"comment_status":"open","ping_status":"closed","template":"","meta":[],"product_brand":[],"product_cat":[109],"product_tag":[],"class_list":{"0":"post-12002","1":"product","2":"type-product","3":"status-publish","4":"has-post-thumbnail","6":"product_cat-accesorios-para-telefonos-inteligentes","8":"first","9":"instock","10":"sale","11":"shipping-taxable","12":"purchasable","13":"product-type-simple"},"_links":{"self":[{"href":"https:\/\/smartelectro.witty-fox.com\/en\/wp-json\/wp\/v2\/product\/12002","targetHints":{"allow":["GET"]}}],"collection":[{"href":"https:\/\/smartelectro.witty-fox.com\/en\/wp-json\/wp\/v2\/product"}],"about":[{"href":"https:\/\/smartelectro.witty-fox.com\/en\/wp-json\/wp\/v2\/types\/product"}],"replies":[{"embeddable":true,"href":"https:\/\/smartelectro.witty-fox.com\/en\/wp-json\/wp\/v2\/comments?post=12002"}],"version-history":[{"count":1,"href":"https:\/\/smartelectro.witty-fox.com\/en\/wp-json\/wp\/v2\/product\/12002\/revisions"}],"predecessor-version":[{"id":13061,"href":"https:\/\/smartelectro.witty-fox.com\/en\/wp-json\/wp\/v2\/product\/12002\/revisions\/13061"}],"wp:featuredmedia":[{"embeddable":true,"href":"https:\/\/smartelectro.witty-fox.com\/en\/wp-json\/wp\/v2\/media\/11962"}],"wp:attachment":[{"href":"https:\/\/smartelectro.witty-fox.com\/en\/wp-json\/wp\/v2\/media?parent=12002"}],"wp:term":[{"taxonomy":"product_brand","embeddable":true,"href":"https:\/\/smartelectro.witty-fox.com\/en\/wp-json\/wp\/v2\/product_brand?post=12002"},{"taxonomy":"product_cat","embeddable":true,"href":"https:\/\/smartelectro.witty-fox.com\/en\/wp-json\/wp\/v2\/product_cat?post=12002"},{"taxonomy":"product_tag","embeddable":true,"href":"https:\/\/smartelectro.witty-fox.com\/en\/wp-json\/wp\/v2\/product_tag?post=12002"}],"curies":[{"name":"wp","href":"https:\/\/api.w.org\/{rel}","templated":true}]}}