{"id":12397,"date":"2024-12-24T11:48:16","date_gmt":"2024-12-24T11:48:16","guid":{"rendered":"https:\/\/smartelectro.witty-fox.com\/product\/mini-ventilador-de-refrigeracion-sin-escobillas-chipset-disipador-termico-de-2-pines-25x25x7mm-dc-5v-12v-2507\/"},"modified":"2025-02-25T19:51:26","modified_gmt":"2025-02-25T19:51:26","slug":"mini-ventilador-de-refrigeracion-sin-escobillas-chipset-disipador-termico-de-2-pines-25x25x7mm-dc-5v-12v-2507","status":"publish","type":"product","link":"https:\/\/smartelectro.witty-fox.com\/en\/product\/mini-ventilador-de-refrigeracion-sin-escobillas-chipset-disipador-termico-de-2-pines-25x25x7mm-dc-5v-12v-2507\/","title":{"rendered":"Mini ventilador de refrigeraci\u00f3n sin escobillas, Chipset disipador t\u00e9rmico de 2 pines, 25x25x7mm, DC 5V, 12V, 2507"},"content":{"rendered":"<h1>SPECIFICATIONS<\/h1>\n<p><\/br><\/p>\n<p><span>Nombre de la marca<\/span>: <span style=\"color:#333\">BGEKTOTH<\/span><\/p>\n<p><span>Tipo<\/span>: <span style=\"color:#333\">Ventilador de la tarjeta gr\u00e1fica<\/span><\/p>\n<p><span>Producto qu\u00edmico muy preocupado<\/span>: <span style=\"color:#333\">Ninguno<\/span><\/p>\n<p><span>N\u00famero de modelo<\/span>: <span style=\"color:#333\">Cooling Fan<\/span><\/p>\n<p><span>Origen<\/span>: <span style=\"color:#333\">CN(Origen)<\/span><\/p>\n<p><span>Material<\/span>: <span style=\"color:#333\">Pl\u00e1stico<\/span><\/p>\n<p><span>Peso<\/span>: <span style=\"color:#333\">6g<\/span><\/p>\n<p><span>Dimensi\u00f3n<\/span>: <span style=\"color:#333\">25*25*7mm\/0.98*0.98*0.28in (Approx.)<\/span><\/p>\n<p><span>Item Type:<\/span>: <span style=\"color:#333\">Cooling Fan<\/span><\/p>\n<p><span>Material:<\/span>: <span style=\"color:#333\">ABS<\/span><\/p>\n<p><span>Color:<\/span>: <span style=\"color:#333\">Black<\/span><\/p>\n<p><span>Size:<\/span>: <span style=\"color:#333\">25*25*7mm\/0.98*0.98*0.28in (Approx.)<\/span><\/p>\n<p><span>Cable length:<\/span>: <span style=\"color:#333\">15cm\/0.59in (Approx.)<\/span><\/p>\n<p><span>Quantity:<\/span>: <span style=\"color:#333\">1 PC<\/span><\/p>\n<p><\/br><\/p>","protected":false},"excerpt":{"rendered":"<p>SPECIFICATIONS Nombre de la marca: BGEKTOTH Tipo: Ventilador de la tarjeta gr\u00e1fica Producto qu\u00edmico muy preocupado: Ninguno N\u00famero de modelo:<\/p>","protected":false},"featured_media":12357,"comment_status":"open","ping_status":"closed","template":"","meta":[],"product_brand":[],"product_cat":[109],"product_tag":[],"class_list":{"0":"post-12397","1":"product","2":"type-product","3":"status-publish","4":"has-post-thumbnail","6":"product_cat-accesorios-para-telefonos-inteligentes","8":"first","9":"instock","10":"sale","11":"shipping-taxable","12":"purchasable","13":"product-type-variable"},"_links":{"self":[{"href":"https:\/\/smartelectro.witty-fox.com\/en\/wp-json\/wp\/v2\/product\/12397","targetHints":{"allow":["GET"]}}],"collection":[{"href":"https:\/\/smartelectro.witty-fox.com\/en\/wp-json\/wp\/v2\/product"}],"about":[{"href":"https:\/\/smartelectro.witty-fox.com\/en\/wp-json\/wp\/v2\/types\/product"}],"replies":[{"embeddable":true,"href":"https:\/\/smartelectro.witty-fox.com\/en\/wp-json\/wp\/v2\/comments?post=12397"}],"version-history":[{"count":1,"href":"https:\/\/smartelectro.witty-fox.com\/en\/wp-json\/wp\/v2\/product\/12397\/revisions"}],"predecessor-version":[{"id":13056,"href":"https:\/\/smartelectro.witty-fox.com\/en\/wp-json\/wp\/v2\/product\/12397\/revisions\/13056"}],"wp:featuredmedia":[{"embeddable":true,"href":"https:\/\/smartelectro.witty-fox.com\/en\/wp-json\/wp\/v2\/media\/12357"}],"wp:attachment":[{"href":"https:\/\/smartelectro.witty-fox.com\/en\/wp-json\/wp\/v2\/media?parent=12397"}],"wp:term":[{"taxonomy":"product_brand","embeddable":true,"href":"https:\/\/smartelectro.witty-fox.com\/en\/wp-json\/wp\/v2\/product_brand?post=12397"},{"taxonomy":"product_cat","embeddable":true,"href":"https:\/\/smartelectro.witty-fox.com\/en\/wp-json\/wp\/v2\/product_cat?post=12397"},{"taxonomy":"product_tag","embeddable":true,"href":"https:\/\/smartelectro.witty-fox.com\/en\/wp-json\/wp\/v2\/product_tag?post=12397"}],"curies":[{"name":"wp","href":"https:\/\/api.w.org\/{rel}","templated":true}]}}