{"id":12447,"date":"2024-12-24T11:48:45","date_gmt":"2024-12-24T11:48:45","guid":{"rendered":"https:\/\/smartelectro.witty-fox.com\/product\/disipador-termico-de-cobre-adhesivo-conductor-termico-para-m-2-ngff-2280-pci-e-nvme-ssd-67x18mm-de-espesor-15-2-3-4-6mm\/"},"modified":"2025-02-25T19:51:26","modified_gmt":"2025-02-25T19:51:26","slug":"disipador-termico-de-cobre-adhesivo-conductor-termico-para-m-2-ngff-2280-pci-e-nvme-ssd-67x18mm-de-espesor-15-2-3-4-6mm","status":"publish","type":"product","link":"https:\/\/smartelectro.witty-fox.com\/en\/product\/disipador-termico-de-cobre-adhesivo-conductor-termico-para-m-2-ngff-2280-pci-e-nvme-ssd-67x18mm-de-espesor-15-2-3-4-6mm\/","title":{"rendered":"Disipador t\u00e9rmico de cobre, adhesivo conductor t\u00e9rmico para M.2 NGFF 2280 PCI-E NVME SSD, 67x18mm de espesor, 1,5\/2\/3\/4\/6mm"},"content":{"rendered":"<h1>SPECIFICATIONS<\/h1>\n<p><\/br><\/p>\n<p><span>Nombre de la marca<\/span>: <span style=\"color:#333\">peacefair<\/span><\/p>\n<p><span>Tipo<\/span>: <span style=\"color:#333\">Disipador t\u00e9rmico peque\u00f1o<\/span><\/p>\n<p><span>Producto qu\u00edmico muy preocupado<\/span>: <span style=\"color:#333\">Ninguno<\/span><\/p>\n<p><span>N\u00famero de modelo<\/span>: <span style=\"color:#333\">\/<\/span><\/p>\n<p><span>Origen<\/span>: <span style=\"color:#333\">CN(Origen)<\/span><\/p>\n<p><span>Material<\/span>: <span style=\"color:#333\">Cobre<\/span><\/p>\n<p><span>Peso<\/span>: <span style=\"color:#333\">\/<\/span><\/p>\n<p><span>Dimensi\u00f3n<\/span>: <span style=\"color:#333\">\/<\/span><\/p>\n<p><span>Choice<\/span>: <span style=\"color:#333\">yes<\/span><\/p>\n<p><span>semi_Choice<\/span>: <span style=\"color:#333\">yes<\/span><\/p>\n<p><\/br><\/p>","protected":false},"excerpt":{"rendered":"<p>SPECIFICATIONS Nombre de la marca: peacefair Tipo: Disipador t\u00e9rmico peque\u00f1o Producto qu\u00edmico muy preocupado: Ninguno N\u00famero de modelo: \/ Origen:<\/p>","protected":false},"featured_media":12381,"comment_status":"open","ping_status":"closed","template":"","meta":[],"product_brand":[],"product_cat":[109],"product_tag":[],"class_list":{"0":"post-12447","1":"product","2":"type-product","3":"status-publish","4":"has-post-thumbnail","6":"product_cat-accesorios-para-telefonos-inteligentes","8":"first","9":"instock","10":"sale","11":"shipping-taxable","12":"purchasable","13":"product-type-variable"},"_links":{"self":[{"href":"https:\/\/smartelectro.witty-fox.com\/en\/wp-json\/wp\/v2\/product\/12447","targetHints":{"allow":["GET"]}}],"collection":[{"href":"https:\/\/smartelectro.witty-fox.com\/en\/wp-json\/wp\/v2\/product"}],"about":[{"href":"https:\/\/smartelectro.witty-fox.com\/en\/wp-json\/wp\/v2\/types\/product"}],"replies":[{"embeddable":true,"href":"https:\/\/smartelectro.witty-fox.com\/en\/wp-json\/wp\/v2\/comments?post=12447"}],"version-history":[{"count":1,"href":"https:\/\/smartelectro.witty-fox.com\/en\/wp-json\/wp\/v2\/product\/12447\/revisions"}],"predecessor-version":[{"id":13055,"href":"https:\/\/smartelectro.witty-fox.com\/en\/wp-json\/wp\/v2\/product\/12447\/revisions\/13055"}],"wp:featuredmedia":[{"embeddable":true,"href":"https:\/\/smartelectro.witty-fox.com\/en\/wp-json\/wp\/v2\/media\/12381"}],"wp:attachment":[{"href":"https:\/\/smartelectro.witty-fox.com\/en\/wp-json\/wp\/v2\/media?parent=12447"}],"wp:term":[{"taxonomy":"product_brand","embeddable":true,"href":"https:\/\/smartelectro.witty-fox.com\/en\/wp-json\/wp\/v2\/product_brand?post=12447"},{"taxonomy":"product_cat","embeddable":true,"href":"https:\/\/smartelectro.witty-fox.com\/en\/wp-json\/wp\/v2\/product_cat?post=12447"},{"taxonomy":"product_tag","embeddable":true,"href":"https:\/\/smartelectro.witty-fox.com\/en\/wp-json\/wp\/v2\/product_tag?post=12447"}],"curies":[{"name":"wp","href":"https:\/\/api.w.org\/{rel}","templated":true}]}}