{"id":12456,"date":"2024-12-24T11:48:50","date_gmt":"2024-12-24T11:48:50","guid":{"rendered":"https:\/\/smartelectro.witty-fox.com\/product\/peso-neto-05-30-100-150-gramos-gd900-pasta-de-grasa-conductora-termica-compuesto-de-disipador-de-calor-de-yeso-para-cpu-gpu-mb-cn-st-ht\/"},"modified":"2025-02-25T19:51:26","modified_gmt":"2025-02-25T19:51:26","slug":"peso-neto-05-30-100-150-gramos-gd900-pasta-de-grasa-conductora-termica-compuesto-de-disipador-de-calor-de-yeso-para-cpu-gpu-mb-cn-st-ht","status":"publish","type":"product","link":"https:\/\/smartelectro.witty-fox.com\/en\/product\/peso-neto-05-30-100-150-gramos-gd900-pasta-de-grasa-conductora-termica-compuesto-de-disipador-de-calor-de-yeso-para-cpu-gpu-mb-cn-st-ht\/","title":{"rendered":"Peso neto 0,5\/30\/100\/150 gramos GD900 pasta de grasa conductora t\u00e9rmica compuesto de disipador de calor de yeso para CPU GPU MB CN ST HT"},"content":{"rendered":"<h1>SPECIFICATIONS<\/h1>\n<p><\/br><\/p>\n<p><span>Nombre de la marca<\/span>: <span style=\"color:#333\">GD<\/span><\/p>\n<p><span>Tipo<\/span>: <span style=\"color:#333\">Grasa t\u00e9rmica<\/span><\/p>\n<p><span>Producto qu\u00edmico muy preocupado<\/span>: <span style=\"color:#333\">Ninguno<\/span><\/p>\n<p><span>N\u00famero de modelo<\/span>: <span style=\"color:#333\">GD900<\/span><\/p>\n<p><span>Origen<\/span>: <span style=\"color:#333\">CN(Origen)<\/span><\/p>\n<p><span>Color<\/span>: <span style=\"color:#333\">Gray<\/span><\/p>\n<p><span>Thermal Conductivity<\/span>: <span style=\"color:#333\">4.8 W\/M-K<\/span><\/p>\n<p><span>Specific Gravity<\/span>: <span style=\"color:#333\">2.3<\/span><\/p>\n<p><span>Operation Temperature<\/span>: <span style=\"color:#333\">-50~200 Degrees Celsius<\/span><\/p>\n<p><span>is_customized<\/span>: <span style=\"color:#333\">Yes<\/span><\/p>\n<p><span>Noise<\/span>: <span style=\"color:#333\">NONE<\/span><\/p>\n<p><span>Fan Size<\/span>: <span style=\"color:#333\">0 inch<\/span><\/p>\n<p><span>Choice<\/span>: <span style=\"color:#333\">yes<\/span><\/p>\n<p><span>semi_Choice<\/span>: <span style=\"color:#333\">yes<\/span><\/p>\n<p><\/br><\/p>","protected":false},"excerpt":{"rendered":"<p>SPECIFICATIONS Nombre de la marca: GD Tipo: Grasa t\u00e9rmica Producto qu\u00edmico muy preocupado: Ninguno N\u00famero de modelo: GD900 Origen: CN(Origen)<\/p>","protected":false},"featured_media":12323,"comment_status":"open","ping_status":"closed","template":"","meta":[],"product_brand":[],"product_cat":[109],"product_tag":[],"class_list":{"0":"post-12456","1":"product","2":"type-product","3":"status-publish","4":"has-post-thumbnail","6":"product_cat-accesorios-para-telefonos-inteligentes","8":"first","9":"instock","10":"sale","11":"shipping-taxable","12":"purchasable","13":"product-type-variable"},"_links":{"self":[{"href":"https:\/\/smartelectro.witty-fox.com\/en\/wp-json\/wp\/v2\/product\/12456","targetHints":{"allow":["GET"]}}],"collection":[{"href":"https:\/\/smartelectro.witty-fox.com\/en\/wp-json\/wp\/v2\/product"}],"about":[{"href":"https:\/\/smartelectro.witty-fox.com\/en\/wp-json\/wp\/v2\/types\/product"}],"replies":[{"embeddable":true,"href":"https:\/\/smartelectro.witty-fox.com\/en\/wp-json\/wp\/v2\/comments?post=12456"}],"version-history":[{"count":1,"href":"https:\/\/smartelectro.witty-fox.com\/en\/wp-json\/wp\/v2\/product\/12456\/revisions"}],"predecessor-version":[{"id":13054,"href":"https:\/\/smartelectro.witty-fox.com\/en\/wp-json\/wp\/v2\/product\/12456\/revisions\/13054"}],"wp:featuredmedia":[{"embeddable":true,"href":"https:\/\/smartelectro.witty-fox.com\/en\/wp-json\/wp\/v2\/media\/12323"}],"wp:attachment":[{"href":"https:\/\/smartelectro.witty-fox.com\/en\/wp-json\/wp\/v2\/media?parent=12456"}],"wp:term":[{"taxonomy":"product_brand","embeddable":true,"href":"https:\/\/smartelectro.witty-fox.com\/en\/wp-json\/wp\/v2\/product_brand?post=12456"},{"taxonomy":"product_cat","embeddable":true,"href":"https:\/\/smartelectro.witty-fox.com\/en\/wp-json\/wp\/v2\/product_cat?post=12456"},{"taxonomy":"product_tag","embeddable":true,"href":"https:\/\/smartelectro.witty-fox.com\/en\/wp-json\/wp\/v2\/product_tag?post=12456"}],"curies":[{"name":"wp","href":"https:\/\/api.w.org\/{rel}","templated":true}]}}