{"id":12632,"date":"2024-12-24T11:50:02","date_gmt":"2024-12-24T11:50:02","guid":{"rendered":"https:\/\/smartelectro.witty-fox.com\/product\/kllisre-memoria-ram-ddr3l-sodimm-para-portatil-4gb-8gb-1333mhz-o-1600mhz-135-v-pc3l\/"},"modified":"2025-02-25T19:51:25","modified_gmt":"2025-02-25T19:51:25","slug":"kllisre-memoria-ram-ddr3l-sodimm-para-portatil-4gb-8gb-1333mhz-o-1600mhz-135-v-pc3l","status":"publish","type":"product","link":"https:\/\/smartelectro.witty-fox.com\/en\/product\/kllisre-memoria-ram-ddr3l-sodimm-para-portatil-4gb-8gb-1333mhz-o-1600mhz-135-v-pc3l\/","title":{"rendered":"Kllisre memoria ram ddr3l sodimm para port\u00e1til, 4GB, 8GB, 1333MHz o 1600MHz, 1,35 V, PC3L"},"content":{"rendered":"<h1>SPECIFICATIONS<\/h1>\n<p><\/br><\/p>\n<p><span>Nombre de la marca<\/span>: <span style=\"color:#333\">Kllisre<\/span><\/p>\n<p><span>RGB<\/span>: <span style=\"color:#333\">no<\/span><\/p>\n<p><span>Paquete<\/span>: <span style=\"color:#333\">S\u00ed<\/span><\/p>\n<p><span>Origen<\/span>: <span style=\"color:#333\">CN(Origen)<\/span><\/p>\n<p><span>Producto qu\u00edmico muy preocupado<\/span>: <span style=\"color:#333\">Ninguno<\/span><\/p>\n<p><span>Aleta de refrigeraci\u00f3n<\/span>: <span style=\"color:#333\">No<\/span><\/p>\n<p><span>Frecuencia de la memoria<\/span>: <span style=\"color:#333\">1600 MHz<\/span><\/p>\n<p><span>Tipo<\/span>: <span style=\"color:#333\">DDR3<\/span><\/p>\n<p><span>Secuencia<\/span>: <span style=\"color:#333\">9-9-9-24<\/span><\/p>\n<p><span>Tensi\u00f3n de la RAM<\/span>: <span style=\"color:#333\">1.35V<\/span><\/p>\n<p><span>Frecuencia<\/span>: <span style=\"color:#333\">1333MHz<\/span><\/p>\n<p><span>Aplicaci\u00f3n<\/span>: <span style=\"color:#333\">Laptop<\/span><\/p>\n<p><span>Latencia<\/span>: <span style=\"color:#333\">9<\/span><\/p>\n<p><span>Condition<\/span>: <span style=\"color:#333\">New in box<\/span><\/p>\n<p><span>The value of CL<\/span>: <span style=\"color:#333\">1600MHz=CL11<\/span><\/p>\n<p><span>Sequence<\/span>: <span style=\"color:#333\">1600MHz=11-11-11-28<\/span><\/p>\n<p><span>Products Status<\/span>: <span style=\"color:#333\">Stock<\/span><\/p>\n<p><span>Choice<\/span>: <span style=\"color:#333\">yes<\/span><\/p>\n<p><span>semi_Choice<\/span>: <span style=\"color:#333\">yes<\/span><\/p>\n<p><\/br><\/p>","protected":false},"excerpt":{"rendered":"<p>SPECIFICATIONS Nombre de la marca: Kllisre RGB: no Paquete: S\u00ed Origen: CN(Origen) Producto qu\u00edmico muy preocupado: Ninguno Aleta de refrigeraci\u00f3n:<\/p>","protected":false},"featured_media":12572,"comment_status":"open","ping_status":"closed","template":"","meta":[],"product_brand":[],"product_cat":[109],"product_tag":[],"class_list":{"0":"post-12632","1":"product","2":"type-product","3":"status-publish","4":"has-post-thumbnail","6":"product_cat-accesorios-para-telefonos-inteligentes","8":"first","9":"instock","10":"sale","11":"shipping-taxable","12":"purchasable","13":"product-type-variable"},"_links":{"self":[{"href":"https:\/\/smartelectro.witty-fox.com\/en\/wp-json\/wp\/v2\/product\/12632","targetHints":{"allow":["GET"]}}],"collection":[{"href":"https:\/\/smartelectro.witty-fox.com\/en\/wp-json\/wp\/v2\/product"}],"about":[{"href":"https:\/\/smartelectro.witty-fox.com\/en\/wp-json\/wp\/v2\/types\/product"}],"replies":[{"embeddable":true,"href":"https:\/\/smartelectro.witty-fox.com\/en\/wp-json\/wp\/v2\/comments?post=12632"}],"version-history":[{"count":1,"href":"https:\/\/smartelectro.witty-fox.com\/en\/wp-json\/wp\/v2\/product\/12632\/revisions"}],"predecessor-version":[{"id":13050,"href":"https:\/\/smartelectro.witty-fox.com\/en\/wp-json\/wp\/v2\/product\/12632\/revisions\/13050"}],"wp:featuredmedia":[{"embeddable":true,"href":"https:\/\/smartelectro.witty-fox.com\/en\/wp-json\/wp\/v2\/media\/12572"}],"wp:attachment":[{"href":"https:\/\/smartelectro.witty-fox.com\/en\/wp-json\/wp\/v2\/media?parent=12632"}],"wp:term":[{"taxonomy":"product_brand","embeddable":true,"href":"https:\/\/smartelectro.witty-fox.com\/en\/wp-json\/wp\/v2\/product_brand?post=12632"},{"taxonomy":"product_cat","embeddable":true,"href":"https:\/\/smartelectro.witty-fox.com\/en\/wp-json\/wp\/v2\/product_cat?post=12632"},{"taxonomy":"product_tag","embeddable":true,"href":"https:\/\/smartelectro.witty-fox.com\/en\/wp-json\/wp\/v2\/product_tag?post=12632"}],"curies":[{"name":"wp","href":"https:\/\/api.w.org\/{rel}","templated":true}]}}