{"id":12679,"date":"2024-12-24T11:50:26","date_gmt":"2024-12-24T11:50:26","guid":{"rendered":"https:\/\/smartelectro.witty-fox.com\/product\/nueva-llegada-4-puertos-usb-20-480mbps-de-alta-velocidad-a-traves-del-adaptador-de-tarjeta-controladora-pci-hub-tarjetas-pci\/"},"modified":"2025-02-25T19:51:25","modified_gmt":"2025-02-25T19:51:25","slug":"nueva-llegada-4-puertos-usb-20-480mbps-de-alta-velocidad-a-traves-del-adaptador-de-tarjeta-controladora-pci-hub-tarjetas-pci","status":"publish","type":"product","link":"https:\/\/smartelectro.witty-fox.com\/en\/product\/nueva-llegada-4-puertos-usb-20-480mbps-de-alta-velocidad-a-traves-del-adaptador-de-tarjeta-controladora-pci-hub-tarjetas-pci\/","title":{"rendered":"Nueva llegada 4 puertos USB 2,0 480Mbps de alta velocidad a trav\u00e9s del adaptador de tarjeta controladora PCI HUB tarjetas PCI"},"content":{"rendered":"<h1>SPECIFICATIONS<\/h1>\n<p><\/br><\/p>\n<p><span>Nombre de la marca<\/span>: <span style=\"color:#333\">WYMECT<\/span><\/p>\n<p><span>Producto qu\u00edmico muy preocupado<\/span>: <span style=\"color:#333\">Ninguno<\/span><\/p>\n<p><span>Origen<\/span>: <span style=\"color:#333\">CN(Origen)<\/span><\/p>\n<p><span>Certificaci\u00f3n<\/span>: <span style=\"color:#333\">NONE<\/span><\/p>\n<p><span>N\u00famero de modelo<\/span>: <span style=\"color:#333\">USB 2.0 4 Port 480Mbps PCI CARD<\/span><\/p>\n<p><span>Tipo de interfaz<\/span>: <span style=\"color:#333\">PCI<\/span><\/p>\n<p><span>Paquete<\/span>: <span style=\"color:#333\">No<\/span><\/p>\n<p><span>Tipo<\/span>: <span style=\"color:#333\">Tarjetas adicionales<\/span><\/p>\n<p><span>Type<\/span>: <span style=\"color:#333\">pci card<\/span><\/p>\n<p><span>Choice<\/span>: <span style=\"color:#333\">yes<\/span><\/p>\n<p><span>semi_Choice<\/span>: <span style=\"color:#333\">yes<\/span><\/p>\n<p><\/br><\/p>","protected":false},"excerpt":{"rendered":"<p>SPECIFICATIONS Nombre de la marca: WYMECT Producto qu\u00edmico muy preocupado: Ninguno Origen: CN(Origen) Certificaci\u00f3n: NONE N\u00famero de modelo: USB 2.0<\/p>","protected":false},"featured_media":12595,"comment_status":"open","ping_status":"closed","template":"","meta":[],"product_brand":[],"product_cat":[109],"product_tag":[],"class_list":{"0":"post-12679","1":"product","2":"type-product","3":"status-publish","4":"has-post-thumbnail","6":"product_cat-accesorios-para-telefonos-inteligentes","8":"first","9":"instock","10":"sale","11":"shipping-taxable","12":"purchasable","13":"product-type-simple"},"_links":{"self":[{"href":"https:\/\/smartelectro.witty-fox.com\/en\/wp-json\/wp\/v2\/product\/12679","targetHints":{"allow":["GET"]}}],"collection":[{"href":"https:\/\/smartelectro.witty-fox.com\/en\/wp-json\/wp\/v2\/product"}],"about":[{"href":"https:\/\/smartelectro.witty-fox.com\/en\/wp-json\/wp\/v2\/types\/product"}],"replies":[{"embeddable":true,"href":"https:\/\/smartelectro.witty-fox.com\/en\/wp-json\/wp\/v2\/comments?post=12679"}],"version-history":[{"count":1,"href":"https:\/\/smartelectro.witty-fox.com\/en\/wp-json\/wp\/v2\/product\/12679\/revisions"}],"predecessor-version":[{"id":13048,"href":"https:\/\/smartelectro.witty-fox.com\/en\/wp-json\/wp\/v2\/product\/12679\/revisions\/13048"}],"wp:featuredmedia":[{"embeddable":true,"href":"https:\/\/smartelectro.witty-fox.com\/en\/wp-json\/wp\/v2\/media\/12595"}],"wp:attachment":[{"href":"https:\/\/smartelectro.witty-fox.com\/en\/wp-json\/wp\/v2\/media?parent=12679"}],"wp:term":[{"taxonomy":"product_brand","embeddable":true,"href":"https:\/\/smartelectro.witty-fox.com\/en\/wp-json\/wp\/v2\/product_brand?post=12679"},{"taxonomy":"product_cat","embeddable":true,"href":"https:\/\/smartelectro.witty-fox.com\/en\/wp-json\/wp\/v2\/product_cat?post=12679"},{"taxonomy":"product_tag","embeddable":true,"href":"https:\/\/smartelectro.witty-fox.com\/en\/wp-json\/wp\/v2\/product_tag?post=12679"}],"curies":[{"name":"wp","href":"https:\/\/api.w.org\/{rel}","templated":true}]}}