{"id":12730,"date":"2024-12-24T11:50:57","date_gmt":"2024-12-24T11:50:57","guid":{"rendered":"https:\/\/smartelectro.witty-fox.com\/product\/raspberry-pi-camara-de-ir-cut-de-175-dispositivo-de-vision-nocturna-focal-ajustable-ojo-de-pez-de-5mp-interruptor-automatico-de-dia-y-noche-para-raspberry-pi-5-4b-3b-zero\/"},"modified":"2025-02-25T19:51:24","modified_gmt":"2025-02-25T19:51:24","slug":"raspberry-pi-camara-de-ir-cut-de-175-dispositivo-de-vision-nocturna-focal-ajustable-ojo-de-pez-de-5mp-interruptor-automatico-de-dia-y-noche-para-raspberry-pi-5-4b-3b-zero","status":"publish","type":"product","link":"https:\/\/smartelectro.witty-fox.com\/en\/product\/raspberry-pi-camara-de-ir-cut-de-175-dispositivo-de-vision-nocturna-focal-ajustable-ojo-de-pez-de-5mp-interruptor-automatico-de-dia-y-noche-para-raspberry-pi-5-4b-3b-zero\/","title":{"rendered":"Raspberry Pi-C\u00e1mara de IR-CUT de 175 \u00b0, dispositivo de visi\u00f3n nocturna Focal ajustable, ojo de pez de 5MP, interruptor autom\u00e1tico de d\u00eda y noche para Raspberry Pi 5 4B 3B + Zero"},"content":{"rendered":"<h1>SPECIFICATIONS<\/h1>\n<p>&nbsp;<\/p>\n<p>Sensor: <span style=\"color: #333;\">OV5647<\/span><\/p>\n<p>Focal: <span style=\"color: #333;\">Adjustable<\/span><\/p>\n<p>Night Vision: <span style=\"color: #333;\">Yes<\/span><\/p>\n<p>Cable Length: <span style=\"color: #333;\">Optional (15cm,30cm,50cm,100cm,200cm)<\/span><\/p>\n<p>Pixel: <span style=\"color: #333;\">5 MP<\/span><\/p>\n<p>Wide Angle: <span style=\"color: #333;\">175 degree (diagonal)<\/span><\/p>\n<p>Holder: <span style=\"color: #333;\">Acrylic (optional)<\/span><\/p>\n<p>Nombre de la marca: <span style=\"color: #333;\">SHCHV<\/span><\/p>\n<p>Compatible con: <span style=\"color: #333;\">Raspberry Pi 4 Model B\/3B+\/B<\/span><\/p>\n<p>Producto qu\u00edmico muy preocupado: <span style=\"color: #333;\">Ninguno<\/span><\/p>\n<p>Origen: <span style=\"color: #333;\">CN(Origen)<\/span><\/p>\n<p>Tipo de accesorio: <span style=\"color: #333;\">M\u00f3dulo de c\u00e1mara<\/span><\/p>\n<p>Choice: <span style=\"color: #333;\">yes<\/span><\/p>\n<p>semi_Choice: <span style=\"color: #333;\">yes<\/span><\/p>\n<p>&nbsp;<\/p>","protected":false},"excerpt":{"rendered":"<p>SPECIFICATIONS &nbsp; Sensor: OV5647 Focal: Adjustable Night Vision: Yes Cable Length: Optional (15cm,30cm,50cm,100cm,200cm) Pixel: 5 MP Wide Angle: 175 degree<\/p>","protected":false},"featured_media":12508,"comment_status":"open","ping_status":"closed","template":"","meta":[],"product_brand":[],"product_cat":[109],"product_tag":[],"class_list":{"0":"post-12730","1":"product","2":"type-product","3":"status-publish","4":"has-post-thumbnail","6":"product_cat-accesorios-para-telefonos-inteligentes","8":"first","9":"instock","10":"sale","11":"shipping-taxable","12":"purchasable","13":"product-type-variable"},"_links":{"self":[{"href":"https:\/\/smartelectro.witty-fox.com\/en\/wp-json\/wp\/v2\/product\/12730","targetHints":{"allow":["GET"]}}],"collection":[{"href":"https:\/\/smartelectro.witty-fox.com\/en\/wp-json\/wp\/v2\/product"}],"about":[{"href":"https:\/\/smartelectro.witty-fox.com\/en\/wp-json\/wp\/v2\/types\/product"}],"replies":[{"embeddable":true,"href":"https:\/\/smartelectro.witty-fox.com\/en\/wp-json\/wp\/v2\/comments?post=12730"}],"version-history":[{"count":2,"href":"https:\/\/smartelectro.witty-fox.com\/en\/wp-json\/wp\/v2\/product\/12730\/revisions"}],"predecessor-version":[{"id":12785,"href":"https:\/\/smartelectro.witty-fox.com\/en\/wp-json\/wp\/v2\/product\/12730\/revisions\/12785"}],"wp:featuredmedia":[{"embeddable":true,"href":"https:\/\/smartelectro.witty-fox.com\/en\/wp-json\/wp\/v2\/media\/12508"}],"wp:attachment":[{"href":"https:\/\/smartelectro.witty-fox.com\/en\/wp-json\/wp\/v2\/media?parent=12730"}],"wp:term":[{"taxonomy":"product_brand","embeddable":true,"href":"https:\/\/smartelectro.witty-fox.com\/en\/wp-json\/wp\/v2\/product_brand?post=12730"},{"taxonomy":"product_cat","embeddable":true,"href":"https:\/\/smartelectro.witty-fox.com\/en\/wp-json\/wp\/v2\/product_cat?post=12730"},{"taxonomy":"product_tag","embeddable":true,"href":"https:\/\/smartelectro.witty-fox.com\/en\/wp-json\/wp\/v2\/product_tag?post=12730"}],"curies":[{"name":"wp","href":"https:\/\/api.w.org\/{rel}","templated":true}]}}