{"id":12858,"date":"2024-12-26T19:27:59","date_gmt":"2024-12-26T19:27:59","guid":{"rendered":"https:\/\/smartelectro.witty-fox.com\/?post_type=product&#038;p=12858"},"modified":"2025-02-25T19:51:23","modified_gmt":"2025-02-25T19:51:23","slug":"__trashed","status":"publish","type":"product","link":"https:\/\/smartelectro.witty-fox.com\/en\/product\/__trashed\/","title":{"rendered":"Nuevo micr\u00f3fono Lavalier inal\u00e1mbrico, Mini micr\u00f3fono port\u00e1til para grabaci\u00f3n de Audio y v\u00eddeo para iPhone, Android, transmisi\u00f3n en vivo, micr\u00f3fono para tel\u00e9fono y juegos"},"content":{"rendered":"<h1>SPECIFICATIONS<\/h1>\n<p>&nbsp;<\/p>\n<p>Nombre de la marca: <span style=\"color: #333;\">xiaolo<\/span><\/p>\n<p>Transductor: <span style=\"color: #333;\">Micr\u00f3fono din\u00e1mico<\/span><\/p>\n<p>Tipo de conjunto: <span style=\"color: #333;\">Conjuntos de transmisor<\/span><\/p>\n<p>Producto qu\u00edmico muy preocupado: <span style=\"color: #333;\">Ninguno<\/span><\/p>\n<p>Estilo: <span style=\"color: #333;\">Lavalier Microphone<\/span><\/p>\n<p>Uso: <span style=\"color: #333;\">Estudio en casa<\/span><\/p>\n<p>Origen: <span style=\"color: #333;\">CN(Origen)<\/span><\/p>\n<p>Paquete: <span style=\"color: #333;\">S\u00ed<\/span><\/p>\n<p>Diagrama polar: <span style=\"color: #333;\">Omnidireccional<\/span><\/p>\n<p>Certificaci\u00f3n: <span style=\"color: #333;\">CE<\/span><\/p>\n<p>Certificaci\u00f3n: <span style=\"color: #333;\">RoHS<\/span><\/p>\n<p>Certificaci\u00f3n: <span style=\"color: #333;\">FCC<\/span><\/p>\n<p>Diafragma: <span style=\"color: #333;\">S-Mall<\/span><\/p>\n<p>Comunicaci\u00f3n: <span style=\"color: #333;\">wireless<\/span><\/p>\n<p>Choice: <span style=\"color: #333;\">yes<\/span><\/p>\n<p>&nbsp;<\/p>\n<div class=\"detailmodule_html\">\n<div class=\"detail-desc-decorate-richtext\">\n<div class=\"detailmodule_html\">\n<div class=\"detail-desc-decorate-richtext\">\n<p>&nbsp;<\/p>\n<\/div>\n<\/div>\n<div class=\"detailmodule_html\">\n<div class=\"detail-desc-decorate-richtext\">\n<p style=\"line-height: inherit; margin: 0px; padding: 0px;\">Micr\u00f3fono Lavalier inal\u00e1mbrico para grabaci\u00f3n de Audio y v\u00eddeo, Mini micr\u00f3fono para iPhone, iPad, port\u00e1til, Android, micr\u00f3fono para tel\u00e9fono m\u00f3vil para juegos en vivo<\/p>\n<\/div>\n<\/div>\n<div class=\"detailmodule_html\">\n<div class=\"detail-desc-decorate-richtext\">\n<div><\/div>\n<div><strong>Preste atenci\u00f3n al puerto de carga de su tel\u00e9fono al comprar<\/strong><\/div>\n<div><strong>Para tipo C: para iPhone 15 &#8211; 16, tel\u00e9fonos inteligentes tipo C, dispositivos tipo C<\/strong><\/div>\n<div><strong>Para iOS: Para iPhone 5 &#8211; 14<\/strong><\/div>\n<div><\/div>\n<p style=\"line-height: inherit; margin: 0px; padding: 0px;\">Caracter\u00edsticas:<\/p>\n<\/div>\n<\/div>\n<div class=\"detailmodule_html\">\n<div class=\"detail-desc-decorate-richtext\">\n<p style=\"line-height: inherit; margin: 0px; padding: 0px;\">1.Latencia ultrabaja de 9 ms, recepci\u00f3n sin barreras de 20 m, puede usar transmisiones en vivo al aire libre y grabar un video peque\u00f1o.<\/p>\n<\/div>\n<\/div>\n<div class=\"detailmodule_html\">\n<div class=\"detail-desc-decorate-richtext\">\n<p style=\"line-height: inherit; margin: 0px; padding: 0px;\">2.No necesita aplicaci\u00f3n, plug-and-play, conexi\u00f3n con un solo clic, f\u00e1cil de usar.<\/p>\n<p style=\"line-height: inherit; margin: 0px; padding: 0px;\">3.Captaci\u00f3n de 360 grados completos, graba cada detalle del sonido.<\/p>\n<\/div>\n<\/div>\n<div class=\"detailmodule_html\">\n<div class=\"detail-desc-decorate-richtext\">\n<p style=\"line-height: inherit; margin: 0px; padding: 0px;\">4.Peque\u00f1o y conveniente, es compatible con varios dispositivos, admite tel\u00e9fonos m\u00f3viles, tabletas, c\u00e1maras, port\u00e1tiles, etc.<\/p>\n<\/div>\n<\/div>\n<div class=\"detailmodule_text\"><\/div>\n<div class=\"detailmodule_html\">\n<div class=\"detail-desc-decorate-richtext\">\n<p style=\"line-height: inherit; margin: 0px; padding: 0px;\">El paquete incluye:<\/p>\n<\/div>\n<\/div>\n<div class=\"detailmodule_html\">\n<div class=\"detail-desc-decorate-richtext\">\n<p style=\"line-height: inherit; margin: 0px; padding: 0px;\">1 o 2 micr\u00f3fonos inal\u00e1mbricos recargables<\/p>\n<\/div>\n<\/div>\n<div class=\"detailmodule_html\">\n<div class=\"detail-desc-decorate-richtext\">\n<p style=\"line-height: inherit; margin: 0px; padding: 0px;\">1 receptor.<\/p>\n<\/div>\n<\/div>\n<div class=\"detailmodule_html\">\n<div class=\"detail-desc-decorate-richtext\">\n<p style=\"line-height: inherit; margin: 0px; padding: 0px;\">1 manual.<\/p>\n<\/div>\n<\/div>\n<div class=\"detailmodule_html\">\n<div class=\"detail-desc-decorate-richtext\">\n<p style=\"line-height: inherit; margin: 0px; padding: 0px;\">1 cable USB<\/p>\n<p style=\"line-height: inherit; margin: 0px; padding: 0px;\"><img decoding=\"async\" src=\"https:\/\/ae01.alicdn.com\/kf\/S35e5a4e2182b4133b52fd2a17f2ac470j.jpg\" \/><img decoding=\"async\" src=\"https:\/\/ae01.alicdn.com\/kf\/S4ed650abe675418b86bb73fc725551a4r.jpg\" \/><img decoding=\"async\" src=\"https:\/\/ae01.alicdn.com\/kf\/Sd890f4c80e8f4f6d9150f4f305f17da2m.jpg\" \/><img decoding=\"async\" src=\"https:\/\/ae01.alicdn.com\/kf\/Sdab2793cc4b44678b2ad9be001c69dd0M.jpg\" \/><img decoding=\"async\" src=\"https:\/\/ae01.alicdn.com\/kf\/S2957fd1108344dabbe09aeca3ddb681fm.jpg\" \/><\/p>\n<\/div>\n<\/div>\n<div class=\"detailmodule_html\">\n<div class=\"detail-desc-decorate-richtext\">\n<p>&nbsp;<\/p>\n<\/div>\n<\/div>\n<p>&nbsp;<\/p>\n<\/div>\n<\/div>","protected":false},"excerpt":{"rendered":"<p>SPECIFICATIONS &nbsp; Nombre de la marca: xiaolo Transductor: Micr\u00f3fono din\u00e1mico Tipo de conjunto: Conjuntos de transmisor Producto qu\u00edmico muy preocupado:<\/p>","protected":false},"featured_media":12846,"comment_status":"open","ping_status":"closed","template":"","meta":[],"product_brand":[],"product_cat":[109],"product_tag":[],"class_list":{"0":"post-12858","1":"product","2":"type-product","3":"status-publish","4":"has-post-thumbnail","6":"product_cat-accesorios-para-telefonos-inteligentes","8":"first","9":"instock","10":"sale","11":"shipping-taxable","12":"purchasable","13":"product-type-variable"},"_links":{"self":[{"href":"https:\/\/smartelectro.witty-fox.com\/en\/wp-json\/wp\/v2\/product\/12858","targetHints":{"allow":["GET"]}}],"collection":[{"href":"https:\/\/smartelectro.witty-fox.com\/en\/wp-json\/wp\/v2\/product"}],"about":[{"href":"https:\/\/smartelectro.witty-fox.com\/en\/wp-json\/wp\/v2\/types\/product"}],"replies":[{"embeddable":true,"href":"https:\/\/smartelectro.witty-fox.com\/en\/wp-json\/wp\/v2\/comments?post=12858"}],"version-history":[{"count":2,"href":"https:\/\/smartelectro.witty-fox.com\/en\/wp-json\/wp\/v2\/product\/12858\/revisions"}],"predecessor-version":[{"id":12866,"href":"https:\/\/smartelectro.witty-fox.com\/en\/wp-json\/wp\/v2\/product\/12858\/revisions\/12866"}],"wp:featuredmedia":[{"embeddable":true,"href":"https:\/\/smartelectro.witty-fox.com\/en\/wp-json\/wp\/v2\/media\/12846"}],"wp:attachment":[{"href":"https:\/\/smartelectro.witty-fox.com\/en\/wp-json\/wp\/v2\/media?parent=12858"}],"wp:term":[{"taxonomy":"product_brand","embeddable":true,"href":"https:\/\/smartelectro.witty-fox.com\/en\/wp-json\/wp\/v2\/product_brand?post=12858"},{"taxonomy":"product_cat","embeddable":true,"href":"https:\/\/smartelectro.witty-fox.com\/en\/wp-json\/wp\/v2\/product_cat?post=12858"},{"taxonomy":"product_tag","embeddable":true,"href":"https:\/\/smartelectro.witty-fox.com\/en\/wp-json\/wp\/v2\/product_tag?post=12858"}],"curies":[{"name":"wp","href":"https:\/\/api.w.org\/{rel}","templated":true}]}}