{"id":13114,"date":"2025-02-25T19:29:42","date_gmt":"2025-02-25T19:29:42","guid":{"rendered":"https:\/\/smartelectro.witty-fox.com\/product\/funda-con-tarjetero-tipo-billetera-para-samsung-galaxy-s24-ultra-s23-s22-note-20-s23-fe-cubiertas-protectoras-duras-y-delgadas-con-ranura-deslizante-para-pc\/"},"modified":"2025-02-25T19:59:25","modified_gmt":"2025-02-25T19:59:25","slug":"funda-con-tarjetero-tipo-billetera-para-samsung-galaxy-s24-ultra-s23-s22-note-20-s23-fe-cubiertas-protectoras-duras-y-delgadas-con-ranura-deslizante-para-pc","status":"publish","type":"product","link":"https:\/\/smartelectro.witty-fox.com\/en\/product\/funda-con-tarjetero-tipo-billetera-para-samsung-galaxy-s24-ultra-s23-s22-note-20-s23-fe-cubiertas-protectoras-duras-y-delgadas-con-ranura-deslizante-para-pc\/","title":{"rendered":"Funda con tarjetero tipo billetera para Samsung Galaxy S24 Ultra S23 S22 Note 20 S23 FE, cubiertas protectoras duras y delgadas con ranura deslizante para PC"},"content":{"rendered":"<h1>SPECIFICATIONS<\/h1>\n<p><\/br><\/p>\n<p><span>Caracter\u00edsticas<\/span>: <span style=\"color:#333\">Magn\u00e9tico,Con anillo,Anti-huella digital,Anti-ara\u00f1azos,Tarjeta de bolsillo,De doble capa,Resistente al polvo,heavy duty,CON SOPORTE,lightweight,Antideslizante,Compartimiento para almacenamiento<\/span><\/p>\n<p><span>Choice<\/span>: <span style=\"color:#333\">yes<\/span><\/p>\n<p><span>Dise\u00f1o<\/span>: <span style=\"color:#333\">Llanura,Geom\u00e9trica,Pict\u00f3rico<\/span><\/p>\n<p><span>Marca compatible<\/span>: <span style=\"color:#333\">Samsung<\/span><\/p>\n<p><span>Material<\/span>: <span style=\"color:#333\">Silicone, Thermoplastic Polyurethane<\/span><\/p>\n<p><span>Nombre de la marca<\/span>: <span style=\"color:#333\">huikai<\/span><\/p>\n<p><span>Origen<\/span>: <span style=\"color:#333\">CN(Origen)<\/span><\/p>\n<p><span>Product Dimensions<\/span>: <span style=\"color:#333\">6.61 x 3.19 x 0.51 inches<\/span><\/p>\n<p><span>Special Feature<\/span>: <span style=\"color:#333\">Magnetic, Shock-Absorbent<\/span><\/p>\n<p><span>Tipo<\/span>: <span style=\"color:#333\">Funda semienvolvente<\/span><\/p>\n<p><span>semi_Choice<\/span>: <span style=\"color:#333\">yes<\/span><\/p>\n<p><\/br><\/p>","protected":false},"excerpt":{"rendered":"<p>SPECIFICATIONS Caracter\u00edsticas: Magn\u00e9tico,Con anillo,Anti-huella digital,Anti-ara\u00f1azos,Tarjeta de bolsillo,De doble capa,Resistente al polvo,heavy duty,CON SOPORTE,lightweight,Antideslizante,Compartimiento para almacenamiento Choice: yes Dise\u00f1o: Llanura,Geom\u00e9trica,Pict\u00f3rico Marca<\/p>","protected":false},"featured_media":13091,"comment_status":"open","ping_status":"closed","template":"","meta":[],"product_brand":[],"product_cat":[109,110],"product_tag":[],"class_list":{"0":"post-13114","1":"product","2":"type-product","3":"status-publish","4":"has-post-thumbnail","6":"product_cat-accesorios-para-telefonos-inteligentes","7":"product_cat-casos","9":"first","10":"instock","11":"shipping-taxable","12":"purchasable","13":"product-type-variable"},"_links":{"self":[{"href":"https:\/\/smartelectro.witty-fox.com\/en\/wp-json\/wp\/v2\/product\/13114","targetHints":{"allow":["GET"]}}],"collection":[{"href":"https:\/\/smartelectro.witty-fox.com\/en\/wp-json\/wp\/v2\/product"}],"about":[{"href":"https:\/\/smartelectro.witty-fox.com\/en\/wp-json\/wp\/v2\/types\/product"}],"replies":[{"embeddable":true,"href":"https:\/\/smartelectro.witty-fox.com\/en\/wp-json\/wp\/v2\/comments?post=13114"}],"version-history":[{"count":1,"href":"https:\/\/smartelectro.witty-fox.com\/en\/wp-json\/wp\/v2\/product\/13114\/revisions"}],"predecessor-version":[{"id":13283,"href":"https:\/\/smartelectro.witty-fox.com\/en\/wp-json\/wp\/v2\/product\/13114\/revisions\/13283"}],"wp:featuredmedia":[{"embeddable":true,"href":"https:\/\/smartelectro.witty-fox.com\/en\/wp-json\/wp\/v2\/media\/13091"}],"wp:attachment":[{"href":"https:\/\/smartelectro.witty-fox.com\/en\/wp-json\/wp\/v2\/media?parent=13114"}],"wp:term":[{"taxonomy":"product_brand","embeddable":true,"href":"https:\/\/smartelectro.witty-fox.com\/en\/wp-json\/wp\/v2\/product_brand?post=13114"},{"taxonomy":"product_cat","embeddable":true,"href":"https:\/\/smartelectro.witty-fox.com\/en\/wp-json\/wp\/v2\/product_cat?post=13114"},{"taxonomy":"product_tag","embeddable":true,"href":"https:\/\/smartelectro.witty-fox.com\/en\/wp-json\/wp\/v2\/product_tag?post=13114"}],"curies":[{"name":"wp","href":"https:\/\/api.w.org\/{rel}","templated":true}]}}