{"id":13148,"date":"2025-02-25T19:29:56","date_gmt":"2025-02-25T19:29:56","guid":{"rendered":"https:\/\/smartelectro.witty-fox.com\/product\/xiaomi-power-bank-50000mah-banco-de-energia-magnetico-carga-rapida-carga-inalambrica-telefono-movil-bateria-externa-para-iphone-samsung\/"},"modified":"2025-02-25T19:51:22","modified_gmt":"2025-02-25T19:51:22","slug":"xiaomi-power-bank-50000mah-banco-de-energia-magnetico-carga-rapida-carga-inalambrica-telefono-movil-bateria-externa-para-iphone-samsung","status":"publish","type":"product","link":"https:\/\/smartelectro.witty-fox.com\/en\/product\/xiaomi-power-bank-50000mah-banco-de-energia-magnetico-carga-rapida-carga-inalambrica-telefono-movil-bateria-externa-para-iphone-samsung\/","title":{"rendered":"Xiaomi Power Bank 50000mah banco de energ\u00eda magn\u00e9tico carga r\u00e1pida carga inal\u00e1mbrica tel\u00e9fono m\u00f3vil bater\u00eda externa para Iphone Samsung"},"content":{"rendered":"<h1>SPECIFICATIONS<\/h1>\n<p><\/br><\/p>\n<p><span>Brand<\/span>: <span style=\"color:#333\">Xiaomi<\/span><\/p>\n<p><span>Caracter\u00edsticas<\/span>: <span style=\"color:#333\">incluye linterna,Pantalla digital,Con l\u00e1mpara LED<\/span><\/p>\n<p><span>Certificaci\u00f3n<\/span>: <span style=\"color:#333\">CE,DOT,FCC<\/span><\/p>\n<p><span>Compatible con tecnolog\u00eda de carga r\u00e1pida<\/span>: <span style=\"color:#333\">Carga r\u00e1pida bidireccional<\/span><\/p>\n<p><span>Entrada m\u00e1xima<\/span>: <span style=\"color:#333\">120W<\/span><\/p>\n<p><span>Interfaz de entrada<\/span>: <span style=\"color:#333\">Micro USB,USB tipo C,Iluminaci\u00f3n<\/span><\/p>\n<p><span>Interfaz de salida<\/span>: <span style=\"color:#333\">Four Usb<\/span><\/p>\n<p><span>Material de la carcasa<\/span>: <span style=\"color:#333\">metal<\/span><\/p>\n<p><span>Nombre de la marca<\/span>: <span style=\"color:#333\">MIJIA<\/span><\/p>\n<p><span>Origen<\/span>: <span style=\"color:#333\">CN(Origen)<\/span><\/p>\n<p><span>Producto qu\u00edmico muy preocupado<\/span>: <span style=\"color:#333\">Ninguno<\/span><\/p>\n<p><span>Tipo<\/span>: <span style=\"color:#333\">banco de energ\u00eda port\u00e1til<\/span><\/p>\n<p><span>Tipo de bater\u00eda<\/span>: <span style=\"color:#333\">Bater\u00eda de pol\u00edmero de litio<\/span><\/p>\n<p><\/br><\/p>","protected":false},"excerpt":{"rendered":"<p>SPECIFICATIONS Brand: Xiaomi Caracter\u00edsticas: incluye linterna,Pantalla digital,Con l\u00e1mpara LED Certificaci\u00f3n: CE,DOT,FCC Compatible con tecnolog\u00eda de carga r\u00e1pida: Carga r\u00e1pida bidireccional<\/p>","protected":false},"featured_media":13113,"comment_status":"open","ping_status":"closed","template":"","meta":[],"product_brand":[],"product_cat":[109],"product_tag":[],"class_list":{"0":"post-13148","1":"product","2":"type-product","3":"status-publish","4":"has-post-thumbnail","6":"product_cat-accesorios-para-telefonos-inteligentes","8":"first","9":"instock","10":"shipping-taxable","11":"purchasable","12":"product-type-variable"},"_links":{"self":[{"href":"https:\/\/smartelectro.witty-fox.com\/en\/wp-json\/wp\/v2\/product\/13148","targetHints":{"allow":["GET"]}}],"collection":[{"href":"https:\/\/smartelectro.witty-fox.com\/en\/wp-json\/wp\/v2\/product"}],"about":[{"href":"https:\/\/smartelectro.witty-fox.com\/en\/wp-json\/wp\/v2\/types\/product"}],"replies":[{"embeddable":true,"href":"https:\/\/smartelectro.witty-fox.com\/en\/wp-json\/wp\/v2\/comments?post=13148"}],"version-history":[{"count":1,"href":"https:\/\/smartelectro.witty-fox.com\/en\/wp-json\/wp\/v2\/product\/13148\/revisions"}],"predecessor-version":[{"id":13247,"href":"https:\/\/smartelectro.witty-fox.com\/en\/wp-json\/wp\/v2\/product\/13148\/revisions\/13247"}],"wp:featuredmedia":[{"embeddable":true,"href":"https:\/\/smartelectro.witty-fox.com\/en\/wp-json\/wp\/v2\/media\/13113"}],"wp:attachment":[{"href":"https:\/\/smartelectro.witty-fox.com\/en\/wp-json\/wp\/v2\/media?parent=13148"}],"wp:term":[{"taxonomy":"product_brand","embeddable":true,"href":"https:\/\/smartelectro.witty-fox.com\/en\/wp-json\/wp\/v2\/product_brand?post=13148"},{"taxonomy":"product_cat","embeddable":true,"href":"https:\/\/smartelectro.witty-fox.com\/en\/wp-json\/wp\/v2\/product_cat?post=13148"},{"taxonomy":"product_tag","embeddable":true,"href":"https:\/\/smartelectro.witty-fox.com\/en\/wp-json\/wp\/v2\/product_tag?post=13148"}],"curies":[{"name":"wp","href":"https:\/\/api.w.org\/{rel}","templated":true}]}}