{"id":13177,"date":"2025-02-25T19:30:06","date_gmt":"2025-02-25T19:30:06","guid":{"rendered":"https:\/\/smartelectro.witty-fox.com\/product\/funda-de-telefono-de-arte-de-baloncesto-para-apple-iphone-11-13-15-12-14-pro-max-7-xr-x-xs-13-12-mini-14-plus-8-se-2022-cubierta-mate\/"},"modified":"2025-02-25T19:59:25","modified_gmt":"2025-02-25T19:59:25","slug":"funda-de-telefono-de-arte-de-baloncesto-para-apple-iphone-11-13-15-12-14-pro-max-7-xr-x-xs-13-12-mini-14-plus-8-se-2022-cubierta-mate","status":"publish","type":"product","link":"https:\/\/smartelectro.witty-fox.com\/en\/product\/funda-de-telefono-de-arte-de-baloncesto-para-apple-iphone-11-13-15-12-14-pro-max-7-xr-x-xs-13-12-mini-14-plus-8-se-2022-cubierta-mate\/","title":{"rendered":"Funda de tel\u00e9fono de arte de baloncesto para Apple iPhone 11 13 15 12 14 Pro Max 7 XR X XS 13 12 Mini 14 Plus 8 SE 2022 cubierta mate"},"content":{"rendered":"<h1>SPECIFICATIONS<\/h1>\n<p><\/br><\/p>\n<p><span>Caracter\u00edsticas<\/span>: <span style=\"color:#333\">Anti-ara\u00f1azos,Resistente al polvo,Antideslizante,Anti-huella digital<\/span><\/p>\n<p><span>Choice<\/span>: <span style=\"color:#333\">yes<\/span><\/p>\n<p><span>Color<\/span>: <span style=\"color:#333\">Transparent Back + Black Edge<\/span><\/p>\n<p><span>Dise\u00f1o<\/span>: <span style=\"color:#333\">TRANSPARENT,dibujos animados,Animales,LOGO,Pict\u00f3rico,anime,Floral<\/span><\/p>\n<p><span>Feature<\/span>: <span style=\"color:#333\">Shockproof Bumper Cover Capa<\/span><\/p>\n<p><span>Marca compatible<\/span>: <span style=\"color:#333\">APPLE<\/span><\/p>\n<p><span>Material<\/span>: <span style=\"color:#333\">High Quality Soft Silicone + Clear Plastic<\/span><\/p>\n<p><span>Nombre de la marca<\/span>: <span style=\"color:#333\">MINISO<\/span><\/p>\n<p><span>Origen<\/span>: <span style=\"color:#333\">CN(Origen)<\/span><\/p>\n<p><span>Phone Case 1<\/span>: <span style=\"color:#333\">for iPhone 15 Case<\/span><\/p>\n<p><span>Phone Case 10<\/span>: <span style=\"color:#333\">for iPhone 13 Pro Case<\/span><\/p>\n<p><span>Phone Case 11<\/span>: <span style=\"color:#333\">for iPhone 13ProMax Case<\/span><\/p>\n<p><span>Phone Case 12<\/span>: <span style=\"color:#333\">for iPhone 13 Mini Case<\/span><\/p>\n<p><span>Phone Case 13<\/span>: <span style=\"color:#333\">for iPhone 12 Case<\/span><\/p>\n<p><span>Phone Case 14<\/span>: <span style=\"color:#333\">for iPhone 12 Pro Case<\/span><\/p>\n<p><span>Phone Case 15<\/span>: <span style=\"color:#333\">for iPhone 12ProMax Case<\/span><\/p>\n<p><span>Phone Case 16<\/span>: <span style=\"color:#333\">for iPhone 12 Mini Case<\/span><\/p>\n<p><span>Phone Case 17<\/span>: <span style=\"color:#333\">for iPhone 11 Case<\/span><\/p>\n<p><span>Phone Case 18<\/span>: <span style=\"color:#333\">for iPhone 11 Pro Case<\/span><\/p>\n<p><span>Phone Case 19<\/span>: <span style=\"color:#333\">for iPhone 11ProMax Case<\/span><\/p>\n<p><span>Phone Case 2<\/span>: <span style=\"color:#333\">for iPhone 15 Plus Case<\/span><\/p>\n<p><span>Phone Case 20<\/span>: <span style=\"color:#333\">for iPhone X XS Case<\/span><\/p>\n<p><span>Phone Case 21<\/span>: <span style=\"color:#333\">for iPhone XS Max Case<\/span><\/p>\n<p><span>Phone Case 22<\/span>: <span style=\"color:#333\">for iPhone XR Case<\/span><\/p>\n<p><span>Phone Case 23<\/span>: <span style=\"color:#333\">for iPhone SE 2020 Case<\/span><\/p>\n<p><span>Phone Case 24<\/span>: <span style=\"color:#333\">for iPhone SE 2022 Case<\/span><\/p>\n<p><span>Phone Case 25<\/span>: <span style=\"color:#333\">for iPhone 7 8 Case<\/span><\/p>\n<p><span>Phone Case 26<\/span>: <span style=\"color:#333\">for iPhone 7 8 Plus Case<\/span><\/p>\n<p><span>Phone Case 3<\/span>: <span style=\"color:#333\">for iPhone 15 Pro Case<\/span><\/p>\n<p><span>Phone Case 4<\/span>: <span style=\"color:#333\">for iPhone 15ProMax Case<\/span><\/p>\n<p><span>Phone Case 5<\/span>: <span style=\"color:#333\">for iPhone 14 Case<\/span><\/p>\n<p><span>Phone Case 6<\/span>: <span style=\"color:#333\">for iPhone 14 Plus Case<\/span><\/p>\n<p><span>Phone Case 7<\/span>: <span style=\"color:#333\">for iPhone 14 Pro Case<\/span><\/p>\n<p><span>Phone Case 8<\/span>: <span style=\"color:#333\">for iPhone 14ProMax Case<\/span><\/p>\n<p><span>Phone Case 9<\/span>: <span style=\"color:#333\">for iPhone 13 Case<\/span><\/p>\n<p><span>Producto qu\u00edmico muy preocupado<\/span>: <span style=\"color:#333\">Ninguno<\/span><\/p>\n<p><span>Sales Way<\/span>: <span style=\"color:#333\">Wholesale \/ Retail \/ Dropshipping<\/span><\/p>\n<p><span>Tipo<\/span>: <span style=\"color:#333\">PARACHOQUES<\/span><\/p>\n<p><span>semi_Choice<\/span>: <span style=\"color:#333\">yes<\/span><\/p>\n<p><\/br><\/p>","protected":false},"excerpt":{"rendered":"<p>SPECIFICATIONS Caracter\u00edsticas: Anti-ara\u00f1azos,Resistente al polvo,Antideslizante,Anti-huella digital Choice: yes Color: Transparent Back + Black Edge Dise\u00f1o: TRANSPARENT,dibujos animados,Animales,LOGO,Pict\u00f3rico,anime,Floral Feature: Shockproof Bumper<\/p>","protected":false},"featured_media":13136,"comment_status":"open","ping_status":"closed","template":"","meta":[],"product_brand":[],"product_cat":[109,110],"product_tag":[],"class_list":{"0":"post-13177","1":"product","2":"type-product","3":"status-publish","4":"has-post-thumbnail","6":"product_cat-accesorios-para-telefonos-inteligentes","7":"product_cat-casos","9":"first","10":"instock","11":"shipping-taxable","12":"purchasable","13":"product-type-variable"},"_links":{"self":[{"href":"https:\/\/smartelectro.witty-fox.com\/en\/wp-json\/wp\/v2\/product\/13177","targetHints":{"allow":["GET"]}}],"collection":[{"href":"https:\/\/smartelectro.witty-fox.com\/en\/wp-json\/wp\/v2\/product"}],"about":[{"href":"https:\/\/smartelectro.witty-fox.com\/en\/wp-json\/wp\/v2\/types\/product"}],"replies":[{"embeddable":true,"href":"https:\/\/smartelectro.witty-fox.com\/en\/wp-json\/wp\/v2\/comments?post=13177"}],"version-history":[{"count":1,"href":"https:\/\/smartelectro.witty-fox.com\/en\/wp-json\/wp\/v2\/product\/13177\/revisions"}],"predecessor-version":[{"id":13284,"href":"https:\/\/smartelectro.witty-fox.com\/en\/wp-json\/wp\/v2\/product\/13177\/revisions\/13284"}],"wp:featuredmedia":[{"embeddable":true,"href":"https:\/\/smartelectro.witty-fox.com\/en\/wp-json\/wp\/v2\/media\/13136"}],"wp:attachment":[{"href":"https:\/\/smartelectro.witty-fox.com\/en\/wp-json\/wp\/v2\/media?parent=13177"}],"wp:term":[{"taxonomy":"product_brand","embeddable":true,"href":"https:\/\/smartelectro.witty-fox.com\/en\/wp-json\/wp\/v2\/product_brand?post=13177"},{"taxonomy":"product_cat","embeddable":true,"href":"https:\/\/smartelectro.witty-fox.com\/en\/wp-json\/wp\/v2\/product_cat?post=13177"},{"taxonomy":"product_tag","embeddable":true,"href":"https:\/\/smartelectro.witty-fox.com\/en\/wp-json\/wp\/v2\/product_tag?post=13177"}],"curies":[{"name":"wp","href":"https:\/\/api.w.org\/{rel}","templated":true}]}}