{"id":13192,"date":"2025-02-25T19:30:10","date_gmt":"2025-02-25T19:30:10","guid":{"rendered":"https:\/\/smartelectro.witty-fox.com\/product\/funda-bonita-c-crayon-s-shinchan-para-samsung-galaxy-s24-s23-s22-ultra-s21-s20-fe-note-20-10-plus-a15-a25-a35-a55-capa-de-silicona-suave\/"},"modified":"2025-02-25T19:59:25","modified_gmt":"2025-02-25T19:59:25","slug":"funda-bonita-c-crayon-s-shinchan-para-samsung-galaxy-s24-s23-s22-ultra-s21-s20-fe-note-20-10-plus-a15-a25-a35-a55-capa-de-silicona-suave","status":"publish","type":"product","link":"https:\/\/smartelectro.witty-fox.com\/en\/product\/funda-bonita-c-crayon-s-shinchan-para-samsung-galaxy-s24-s23-s22-ultra-s21-s20-fe-note-20-10-plus-a15-a25-a35-a55-capa-de-silicona-suave\/","title":{"rendered":"Funda bonita C-Crayon S-ShinChan para Samsung Galaxy S24 S23 S22 Ultra S21 S20 FE Note 20 10 Plus A15 A25 A35 A55 Capa de silicona suave"},"content":{"rendered":"<h1>SPECIFICATIONS<\/h1>\n<p><\/br><\/p>\n<p><span>Caracter\u00edsticas<\/span>: <span style=\"color:#333\">Lavable,Anti-huella digital,Anti-ara\u00f1azos,Resistente al polvo,lightweight,Antideslizante,Agua-resistente<\/span><\/p>\n<p><span>Choice<\/span>: <span style=\"color:#333\">yes<\/span><\/p>\n<p><span>Dise\u00f1o<\/span>: <span style=\"color:#333\">TRANSPARENT,dibujos animados,Animales,Pict\u00f3rico,anime<\/span><\/p>\n<p><span>Features 1<\/span>: <span style=\"color:#333\">Protect the screen and lens<\/span><\/p>\n<p><span>Features 2<\/span>: <span style=\"color:#333\">Clear silicone phone case<\/span><\/p>\n<p><span>Features 3<\/span>: <span style=\"color:#333\">Smart wireless charging<\/span><\/p>\n<p><span>Features 4<\/span>: <span style=\"color:#333\">Disney Princess Funny<\/span><\/p>\n<p><span>Marca compatible<\/span>: <span style=\"color:#333\">Samsung<\/span><\/p>\n<p><span>Nombre de la marca<\/span>: <span style=\"color:#333\">MINISO<\/span><\/p>\n<p><span>Origen<\/span>: <span style=\"color:#333\">CN(Origen)<\/span><\/p>\n<p><span>Producto qu\u00edmico muy preocupado<\/span>: <span style=\"color:#333\">Ninguno<\/span><\/p>\n<p><span>Tipo<\/span>: <span style=\"color:#333\">Funda semienvolvente<\/span><\/p>\n<p><span>semi_Choice<\/span>: <span style=\"color:#333\">yes<\/span><\/p>\n<p><\/br><\/p>","protected":false},"excerpt":{"rendered":"<p>SPECIFICATIONS Caracter\u00edsticas: Lavable,Anti-huella digital,Anti-ara\u00f1azos,Resistente al polvo,lightweight,Antideslizante,Agua-resistente Choice: yes Dise\u00f1o: TRANSPARENT,dibujos animados,Animales,Pict\u00f3rico,anime Features 1: Protect the screen and lens Features 2:<\/p>","protected":false},"featured_media":13163,"comment_status":"open","ping_status":"closed","template":"","meta":[],"product_brand":[],"product_cat":[109,110],"product_tag":[],"class_list":{"0":"post-13192","1":"product","2":"type-product","3":"status-publish","4":"has-post-thumbnail","6":"product_cat-accesorios-para-telefonos-inteligentes","7":"product_cat-casos","9":"first","10":"instock","11":"shipping-taxable","12":"purchasable","13":"product-type-variable"},"_links":{"self":[{"href":"https:\/\/smartelectro.witty-fox.com\/en\/wp-json\/wp\/v2\/product\/13192","targetHints":{"allow":["GET"]}}],"collection":[{"href":"https:\/\/smartelectro.witty-fox.com\/en\/wp-json\/wp\/v2\/product"}],"about":[{"href":"https:\/\/smartelectro.witty-fox.com\/en\/wp-json\/wp\/v2\/types\/product"}],"replies":[{"embeddable":true,"href":"https:\/\/smartelectro.witty-fox.com\/en\/wp-json\/wp\/v2\/comments?post=13192"}],"version-history":[{"count":1,"href":"https:\/\/smartelectro.witty-fox.com\/en\/wp-json\/wp\/v2\/product\/13192\/revisions"}],"predecessor-version":[{"id":13278,"href":"https:\/\/smartelectro.witty-fox.com\/en\/wp-json\/wp\/v2\/product\/13192\/revisions\/13278"}],"wp:featuredmedia":[{"embeddable":true,"href":"https:\/\/smartelectro.witty-fox.com\/en\/wp-json\/wp\/v2\/media\/13163"}],"wp:attachment":[{"href":"https:\/\/smartelectro.witty-fox.com\/en\/wp-json\/wp\/v2\/media?parent=13192"}],"wp:term":[{"taxonomy":"product_brand","embeddable":true,"href":"https:\/\/smartelectro.witty-fox.com\/en\/wp-json\/wp\/v2\/product_brand?post=13192"},{"taxonomy":"product_cat","embeddable":true,"href":"https:\/\/smartelectro.witty-fox.com\/en\/wp-json\/wp\/v2\/product_cat?post=13192"},{"taxonomy":"product_tag","embeddable":true,"href":"https:\/\/smartelectro.witty-fox.com\/en\/wp-json\/wp\/v2\/product_tag?post=13192"}],"curies":[{"name":"wp","href":"https:\/\/api.w.org\/{rel}","templated":true}]}}